{"id":1751,"date":"2023-01-10T19:36:51","date_gmt":"2023-01-10T18:36:51","guid":{"rendered":"https:\/\/palacgoszcz.twardogora.pl\/?page_id=1751"},"modified":"2026-03-11T08:06:38","modified_gmt":"2026-03-11T07:06:38","slug":"atrakcje-w-regionie","status":"publish","type":"page","link":"https:\/\/palacgoszcz.twardogora.pl\/index.php\/atrakcje-w-regionie\/","title":{"rendered":"Atrakcje w regionie"},"content":{"rendered":"\n<h1>\n\t\t\tATRAKCJE W REGIONIE\t<\/h1>\n\tLicz\u0105ca prawie 13 tysi\u0119cy mieszka\u0144c\u00f3w gmina Twardog\u00f3ra le\u017cy w p\u00f3\u0142nocno &#8211; wschodniej cz\u0119\u015bci wojew\u00f3dztwa dolno\u015bl\u0105skiego. Dojedziesz tutaj w 25 minut z Ole\u015bnicy w 3 kwadranse z Wroc\u0142awia, a w nieca\u0142\u0105 godzin\u0119 z wroc\u0142awskiego lotniska. Gmina po\u0142o\u017cona jest w\u015br\u00f3d Wzg\u00f3rz Twardog\u00f3rskich, tzw. G\u00f3r Kocich. P\u00f3\u0142nocna cz\u0119\u015b\u0107 gminy wchodzi w sk\u0142ad Parku Krajobrazowego \u201eDolina Baryczy&#8221;, a lasy, kt\u00f3re zajmuj\u0105 45% powierzchni, czyni\u0105 Twardog\u00f3r\u0119 idealnym miejscem do wypoczynku i rekreacji.<br \/>\n\n\t\t\t\t<a href=\"https:\/\/palacgoszcz.twardogora.pl\/wp-content\/uploads\/2023\/01\/atrakcje_001.jpg\"  target=\"_self\" itemprop=\"url\">\n\t\t\t\t<img decoding=\"async\" src=\"https:\/\/palacgoszcz.twardogora.pl\/wp-content\/uploads\/2023\/01\/atrakcje_001.jpg\" alt=\"atrakcje_001\" itemprop=\"image\" height=\"800\" width=\"1200\" title=\"atrakcje_001\" onerror=\"this.style.display='none'\" loading=\"lazy\" \/>\n\t\t\t\t<\/a>\n\t<p>Zach\u0119camy do odwiedzenia strony po\u015bwi\u0119conej Dolinie Baryczy, kt\u00f3r\u0105 prowadzi Stowarzyszenie \u201ePartnerstwo dla Doliny Baryczy&#8221;. Znajduj\u0105 si\u0119 tam informacje dotycz\u0105ce oferty turystycznej, produkt\u00f3w oraz us\u0142ug pochodz\u0105cych z Doliny Baryczy, kt\u00f3re s\u0105 obj\u0119te certyfikatem jako\u015bci.<\/p>\n<p><a href=\"https:\/\/www.dolinabaryczy.travel\/\" class=\"wm-button color-\/error\/info\/success\/warning size-0\/l\/m\/s\/xl button\" target=\"blank\">wejd\u017a na stron\u0119<\/a><\/p>\n\t\t\t\t<a href=\"https:\/\/palacgoszcz.twardogora.pl\/wp-content\/uploads\/2023\/01\/atrakcje_002.jpg\"  target=\"_self\" itemprop=\"url\">\n\t\t\t\t<img decoding=\"async\" src=\"https:\/\/palacgoszcz.twardogora.pl\/wp-content\/uploads\/2023\/01\/atrakcje_002.jpg\" alt=\"atrakcje_002\" itemprop=\"image\" height=\"800\" width=\"1200\" title=\"atrakcje_002\" onerror=\"this.style.display='none'\" loading=\"lazy\" \/>\n\t\t\t\t<\/a>\n\t<p>Dolno\u015bl\u0105ska Kraina Rowerowa oferuje moc atrakcji &#8211; przestrzeni, dr\u00f3g i szlak\u00f3w rowerowych, zabytk\u00f3w, miejsc do rekreacji, odpoczynku, bliskiego kontaktu z przyrod\u0105, lokalnych smak\u00f3w oraz ucieczki od stresu.<\/p>\n<p><a href=\"http:\/\/dolnoslaskakrainarowerowa.pl\/\" class=\"wm-button color-\/error\/info\/success\/warning size-0\/l\/m\/s\/xl button\" target=\"blank\">wejd\u017a na stron\u0119<\/a><\/p>\n\t\t\t\t<a href=\"https:\/\/palacgoszcz.twardogora.pl\/wp-content\/uploads\/2023\/01\/atrakcje_002.jpg\"  target=\"_self\" itemprop=\"url\">\n\t\t\t\t<img decoding=\"async\" src=\"https:\/\/palacgoszcz.twardogora.pl\/wp-content\/uploads\/2023\/01\/atrakcje_002.jpg\" alt=\"atrakcje_002\" itemprop=\"image\" height=\"800\" width=\"1200\" title=\"atrakcje_002\" onerror=\"this.style.display='none'\" loading=\"lazy\" \/>\n\t\t\t\t<\/a>\n\t<p>Na terenie gminy Twardog\u00f3ra wytyczono szlaki piesze i rowerowe. Trzy z nich przebiegaj\u0105 przez Goszcz. Znajdziemy tu tak\u017ce \u015bcie\u017cki rekreacyjne, spacerowe i dydaktyczne, a tak\u017ce szlak kapliczek i krzy\u017cy przydro\u017cnych oraz szlak konny.<\/p>\n<div class=\"wm-accordion clearfix\" data-active=\"0\" data-mode=\"accordion\">\r\n<div class=\"wm-item wm-item-wrap\"><h3 class=\"wm-item-title\" data-tags=\"\" data-tag-names=\"\"><span class=\"icon-ion-ios-book\" aria-hidden=\"true\"> <\/span>czytaj wi\u0119cej<\/h3><div class=\"wm-item-content clearfix czytajwicej\"><ul>\n<li>szlaki: czerwony rowerowy, zielony rowerowy, niebieski rowerowy, niebieski pieszo &#8211; rowerowy, \u017c\u00f3\u0142ty pieszy, szlak konny, szlak kapliczek i krzy\u017cy przydro\u017cnych<\/li>\n<li>\u015bcie\u017cki rekreacyjne: niebieska 3 km, czerwona 6 km, \u017c\u00f3\u0142ta 9 km, rekreacyjna wzd\u0142u\u017c Skoryni<\/li>\n<li>\u015bcie\u017cki dydaktyczne: przyrodniczo &#8211; edukacyjna w w\u0105wozie przy centrum o\u015bwiatowo &#8211; sportowym, \u201eTorfowisko ko\u0142o Grabowna&#8221;, k\u0105cik edukacyjny \u201eD\u0105br\u00f3wka&#8221;<\/li>\n<\/ul>\n<p>Szczeg\u00f3\u0142owe informacje znajdziemy na stronie twardogora.pl. <a href=\"https:\/\/twardogora.pl\/strona-226-szlaki_turystyczne_i_sciezki.html\" class=\"wm-button color-\/error\/info\/success\/warning size-0\/l\/m\/s\/xl button\" target=\"blank\">wejd\u017a na stron\u0119<\/a><\/p>\n<\/div><\/div>\r\n<\/div>\n\t\t\t\t<a href=\"https:\/\/palacgoszcz.twardogora.pl\/wp-content\/uploads\/2023\/01\/atrakcje_003.jpg\"  target=\"_self\" itemprop=\"url\">\n\t\t\t\t<img decoding=\"async\" src=\"https:\/\/palacgoszcz.twardogora.pl\/wp-content\/uploads\/2023\/01\/atrakcje_003.jpg\" alt=\"atrakcje_003\" itemprop=\"image\" height=\"800\" width=\"1201\" title=\"atrakcje_003\" onerror=\"this.style.display='none'\" loading=\"lazy\" \/>\n\t\t\t\t<\/a>\n\t<p>Opr\u00f3cz najwi\u0119kszego zabytku jakim jest Pa\u0142ac Goszcz, na terenie gminy Twardog\u00f3ra znajdziemy du\u017c\u0105 ilo\u015b\u0107 historycznych budowli i obiekt\u00f3w. Cz\u0119\u015b\u0107 z nich zosta\u0142a obj\u0119ta ochron\u0105 konserwatorsk\u0105 przez wpisanie do rejestru zabytk\u00f3w.<\/p>\n<div class=\"wm-accordion clearfix\" data-active=\"0\" data-mode=\"accordion\">\r\n<div class=\"wm-item wm-item-wrap\"><h3 class=\"wm-item-title\" data-tags=\"\" data-tag-names=\"\"><span class=\"icon-ion-ios-book\" aria-hidden=\"true\"> <\/span>czytaj wi\u0119cej<\/h3><div class=\"wm-item-content clearfix czytajwicej\"><ul>\n<li>rynek w Twardog\u00f3rze<\/li>\n<li>barokowy pa\u0142ac z zabytkowym parkiem w Twardog\u00f3rze<\/li>\n<li>ko\u015bcio\u0142y: Bazylika Mniejsza w Twardog\u00f3rze, By\u0142y ko\u015bci\u00f3\u0142 ewangelicki \u015aw. Tr\u00f3jcy, w Twardog\u00f3rze, Ko\u015bci\u00f3\u0142 pa\u0142acowy w Goszczu, Ko\u015bci\u00f3\u0142 parafialny w Goszczu, Ko\u015bci\u00f3\u0142 w Che\u0142stowie, Ko\u015bci\u00f3\u0142 w Grabownie Wielkim, Ko\u015bci\u00f3\u0142 w Grabownie Ma\u0142ym<\/li>\n<li>pos\u0105g Herkulesa<\/li>\n<\/ul>\n<p>Szczeg\u00f3\u0142owe informacje znajdziemy na stronie twardogora.pl. <a href=\"https:\/\/twardogora.pl\/strona-53-zabytki.html\" class=\"wm-button color-\/error\/info\/success\/warning size-0\/l\/m\/s\/xl button\" target=\"blank\">wejd\u017a na stron\u0119<\/a><\/p>\n<\/div><\/div>\r\n<\/div>\n\t\t\t\t<a href=\"https:\/\/palacgoszcz.twardogora.pl\/wp-content\/uploads\/2023\/01\/atrakcje_004.jpg\"  target=\"_self\" itemprop=\"url\">\n\t\t\t\t<img decoding=\"async\" src=\"https:\/\/palacgoszcz.twardogora.pl\/wp-content\/uploads\/2023\/01\/atrakcje_004.jpg\" alt=\"atrakcje_004\" itemprop=\"image\" height=\"800\" width=\"1201\" title=\"atrakcje_004\" onerror=\"this.style.display='none'\" loading=\"lazy\" \/>\n\t\t\t\t<\/a>\n\t<p>Okolice Goszcza to tak\u017ce wyj\u0105tkowe miejsca, kt\u00f3re warto odwiedzi\u0107. Znajdziemy tu m.in. muzeum regionalne, kolekcj\u0119 Muru Berli\u0144skiego, pomniki przyrody, park krajobrazowy oraz stadnin\u0119 koni.<\/p>\n<div class=\"wm-accordion clearfix\" data-active=\"0\" data-mode=\"accordion\">\r\n<div class=\"wm-item wm-item-wrap\"><h3 class=\"wm-item-title\" data-tags=\"\" data-tag-names=\"\"><span class=\"icon-ion-ios-book\" aria-hidden=\"true\"> <\/span>czytaj wi\u0119cej<\/h3><div class=\"wm-item-content clearfix czytajwicej\"><ul>\n<li>\n<ul>\n<li>Muzeum Ziemi Twardog\u00f3rskiej w Zespole Szk\u00f3\u0142 Ponadpodstawowych im. Jaros\u0142awa Iwaszkiewicza w Twardog\u00f3rze. Szczeg\u00f3\u0142owe informacje znajdziemy na stronie zsptwardogora.pl.<br \/><a href=\"http:\/\/www.zsptwardogora.pl\/pl\/szkola\/szkolne-muzeum\/\" class=\"wm-button color-\/error\/info\/success\/warning size-0\/l\/m\/s\/xl button\" target=\"blank\">wejd\u017a na stron\u0119<\/a><\/li>\n<li>najwi\u0119ksza na \u015bwiecie prywatna kolekcja Muru Berli\u0144skiego, pomnikowe d\u0119by, rezerwat Torfowisko ko\u0142o Grabowna. Szczeg\u00f3\u0142owe informacje znajdziemy na stronie twardogora.pl.<br \/><a href=\"https:\/\/twardogora.pl\/strona-461-pozostale_atrakcje.html\" class=\"wm-button color-\/error\/info\/success\/warning size-0\/l\/m\/s\/xl button\" target=\"blank\">wejd\u017a na stron\u0119<\/a><\/li>\n<li>stajnia &#8222;Turczyn\u00f3wka&#8221;<br \/>Szczeg\u00f3\u0142owe informacje znajdziemy na stronie turczynowka.hoste.pl<br \/><a href=\"http:\/\/turczynowka.hoste.pl\/\" class=\"wm-button color-\/error\/info\/success\/warning size-0\/l\/m\/s\/xl button\" target=\"blank\">wejd\u017a na stron\u0119<\/a><\/li>\n<\/ul>\n<\/li>\n<\/ul>\n<\/div><\/div>\r\n<\/div>\n\t\t\t\t<a href=\"https:\/\/palacgoszcz.twardogora.pl\/wp-content\/uploads\/2023\/01\/atrakcje_005.jpg\"  target=\"_self\" itemprop=\"url\">\n\t\t\t\t<img decoding=\"async\" src=\"https:\/\/palacgoszcz.twardogora.pl\/wp-content\/uploads\/2023\/01\/atrakcje_005.jpg\" alt=\"atrakcje_005\" itemprop=\"image\" height=\"800\" width=\"1200\" title=\"atrakcje_005\" onerror=\"this.style.display='none'\" loading=\"lazy\" \/>\n\t\t\t\t<\/a>\n\t<p>Infrastruktura sportowa gminy Twardog\u00f3ra zaspokaja potrzeby mieszka\u0144c\u00f3w i turyst\u00f3w. Z licznych obiekt\u00f3w korzystaj\u0105 szko\u0142y, kluby sportowe, osoby prywatne, a tak\u017ce uczestnicy oboz\u00f3w i zgrupowa\u0144. Bogat\u0105 ofert\u0119 zaj\u0119\u0107 sportowych oferuje Gminny O\u015brodek Sportu i Rekreacji w Twardog\u00f3rze.<\/p>\n<div class=\"wm-accordion clearfix\" data-active=\"0\" data-mode=\"accordion\">\r\n<div class=\"wm-item wm-item-wrap\"><h3 class=\"wm-item-title\" data-tags=\"\" data-tag-names=\"\"><span class=\"icon-ion-ios-book\" aria-hidden=\"true\"> <\/span>czytaj wi\u0119cej<\/h3><div class=\"wm-item-content clearfix czytajwicej\"><ul>\n<li>hala sportowo &#8211; widowiskowa, kryta p\u0142ywalnia \u201eDolno\u015bl\u0105ski Delfinek&#8221;, k\u0105pielisko z lodowiskiem, stadion pi\u0142karski i lekkoatletyczny, si\u0142ownie, korty tenisowe, strzelnice, wypo\u017cyczalnia rower\u00f3w<br \/>Szczeg\u00f3\u0142owe informacje znajdziemy na stronie twardogora.pl. <br \/><a href=\"https:\/\/twardogora.pl\/strona-375-obiekty_sportowe.html\" class=\"wm-button color-\/error\/info\/success\/warning size-0\/l\/m\/s\/xl button\" target=\"blank\">wejd\u017a na stron\u0119<\/a><br \/>oraz na stronie gosir.twardogora.pl. <br \/><a href=\"\" class=\"wm-button color-\/error\/info\/success\/warning size-0\/l\/m\/s\/xl button\" target=\"blank\">wejd\u017a na stron\u0119<\/a><\/li>\n<li>park linowy, boisko pi\u0142karskie, kort tenisowy<br \/>Szczeg\u00f3\u0142owe informacje znajdziemy na stronie Campus Domas\u0142awice. <br \/><a href=\"https:\/\/www.domaslawice.pl\/atrakcje\" class=\"wm-button color-\/error\/info\/success\/warning size-0\/l\/m\/s\/xl button\" target=\"blank\">wejd\u017a na stron\u0119<\/a><\/li>\n<\/ul>\n<\/div><\/div>\r\n<\/div>\n\t\t\t\t<a href=\"https:\/\/palacgoszcz.twardogora.pl\/wp-content\/uploads\/2023\/01\/atrakcje_006.jpg\"  target=\"_self\" itemprop=\"url\">\n\t\t\t\t<img decoding=\"async\" src=\"https:\/\/palacgoszcz.twardogora.pl\/wp-content\/uploads\/2023\/01\/atrakcje_006.jpg\" alt=\"atrakcje_006\" itemprop=\"image\" height=\"800\" width=\"1200\" title=\"atrakcje_006\" onerror=\"this.style.display='none'\" loading=\"lazy\" \/>\n\t\t\t\t<\/a>\n\t<p>Baza noclegowa w okolicach Goszcza to pokoje jedno i wieloosobowe, domki ca\u0142oroczne, domki holenderskie oraz stanowiska dla kamper\u00f3w i pola namiotowe.<\/p>\n<div class=\"wm-accordion clearfix\" data-active=\"0\" data-mode=\"accordion\">\r\n<div class=\"wm-item wm-item-wrap\"><h3 class=\"wm-item-title\" data-tags=\"\" data-tag-names=\"\"><span class=\"icon-ion-ios-book\" aria-hidden=\"true\"> <\/span>czytaj wi\u0119cej<\/h3><div class=\"wm-item-content clearfix czytajwicej\"><ul>\n<li>noclegi w Gminnym O\u015brodku Sportu i Rekreacji w Twardog\u00f3rze<br \/>Szczeg\u00f3\u0142owe informacje znajdziemy na stronie gosir.twardogora.pl.<br \/><a href=\"http:\/\/gosir.twardogora.pl\/noclegi-i-zgrupowania\/\" class=\"wm-button color-\/error\/info\/success\/warning size-0\/l\/m\/s\/xl button\" target=\"blank\">wejd\u017a na stron\u0119<\/a><\/li>\n<li>noclegi w Campus Domas\u0142awice<br \/>Szczeg\u00f3\u0142owe informacje znajdziemy na stronie domaslawice.pl. <br \/><a href=\"https:\/\/www.domaslawice.pl\/\" class=\"wm-button color-\/error\/info\/success\/warning size-0\/l\/m\/s\/xl button\" target=\"blank\">wejd\u017a na stron\u0119<\/a><\/li>\n<li>noclegi w Apartamencie Margaret<br \/>Szczeg\u00f3\u0142owe informacje znajdziemy na stronie booking.com. <br \/><a href=\"https:\/\/www.booking.com\/hotel\/pl\/apartamet-margaret.pl.html?activeTab=main\" class=\"wm-button color-\/error\/info\/success\/warning size-0\/l\/m\/s\/xl button\" target=\"blank\">wejd\u017a na stron\u0119<\/a><\/li>\n<\/ul>\n<\/div><\/div>\r\n<\/div>\n","protected":false},"excerpt":{"rendered":"<div class=\"entry-summary\">\n<div class=\"entry-summary\">\nATRAKCJE W REGIONIE Licz\u0105ca prawie 13 tysi\u0119cy mieszka\u0144c\u00f3w gmina Twardog\u00f3ra le\u017cy w p\u00f3\u0142nocno &#8211; wschodniej cz\u0119\u015bci wojew\u00f3dztwa dolno\u015bl\u0105skiego. Dojedziesz tutaj w 25 minut z Ole\u015bnicy w 3 kwadranse z Wroc\u0142awia, a w nieca\u0142\u0105 godzin\u0119 z wroc\u0142awskiego lotniska. Gmina po\u0142o\u017cona jest&hellip;\n<\/div>\n<div class=\"link-more\"><a href=\"https:\/\/palacgoszcz.twardogora.pl\/index.php\/atrakcje-w-regionie\/\" class=\"more-link\">Czytaj dalej<span class=\"screen-reader-text\"> &ldquo;Atrakcje w regionie&rdquo;<\/span>&hellip;<\/a><\/div>\n<\/div>\n<div class=\"link-more\"><a href=\"https:\/\/palacgoszcz.twardogora.pl\/index.php\/atrakcje-w-regionie\/\" class=\"more-link\">Czytaj dalej<span class=\"screen-reader-text\"> &ldquo;Atrakcje w regionie&rdquo;<\/span>&hellip;<\/a><\/div>\n","protected":false},"author":1,"featured_media":0,"parent":0,"menu_order":0,"comment_status":"closed","ping_status":"closed","template":"","meta":{"_acf_changed":false,"_monsterinsights_skip_tracking":false,"_monsterinsights_sitenote_active":false,"_monsterinsights_sitenote_note":"","_monsterinsights_sitenote_category":0,"pgc_sgb_lightbox_settings":"","footnotes":""},"class_list":["post-1751","page","type-page","status-publish","hentry","entry"],"acf":[],"_links":{"self":[{"href":"https:\/\/palacgoszcz.twardogora.pl\/index.php\/wp-json\/wp\/v2\/pages\/1751","targetHints":{"allow":["GET"]}}],"collection":[{"href":"https:\/\/palacgoszcz.twardogora.pl\/index.php\/wp-json\/wp\/v2\/pages"}],"about":[{"href":"https:\/\/palacgoszcz.twardogora.pl\/index.php\/wp-json\/wp\/v2\/types\/page"}],"author":[{"embeddable":true,"href":"https:\/\/palacgoszcz.twardogora.pl\/index.php\/wp-json\/wp\/v2\/users\/1"}],"replies":[{"embeddable":true,"href":"https:\/\/palacgoszcz.twardogora.pl\/index.php\/wp-json\/wp\/v2\/comments?post=1751"}],"version-history":[{"count":11,"href":"https:\/\/palacgoszcz.twardogora.pl\/index.php\/wp-json\/wp\/v2\/pages\/1751\/revisions"}],"predecessor-version":[{"id":5029,"href":"https:\/\/palacgoszcz.twardogora.pl\/index.php\/wp-json\/wp\/v2\/pages\/1751\/revisions\/5029"}],"wp:attachment":[{"href":"https:\/\/palacgoszcz.twardogora.pl\/index.php\/wp-json\/wp\/v2\/media?parent=1751"}],"curies":[{"name":"wp","href":"https:\/\/api.w.org\/{rel}","templated":true}]}}