{"id":1656,"date":"2023-01-07T21:51:45","date_gmt":"2023-01-07T20:51:45","guid":{"rendered":"https:\/\/palacgoszcz.twardogora.pl\/?page_id=1656"},"modified":"2026-01-05T08:12:18","modified_gmt":"2026-01-05T07:12:18","slug":"oferta","status":"publish","type":"page","link":"https:\/\/palacgoszcz.twardogora.pl\/index.php\/oferta\/","title":{"rendered":"Oferta"},"content":{"rendered":"\n<h1>\n\t\tOFERTA\n\t<\/h1>\n\t<p>Lorem ipsum dolor sit amet, consectetur adipiscing elit. Nullam suscipit orci vel feugiat elementum. Nullam faucibus sagittis rhoncus. Donec porta vulputate nisi, ut pretium quam pellentesque eget. Aliquam nec faucibus velit. Etiam lacinia dictum pellentesque. Donec vulputate posuere volutpat. Donec vulputate posuere volutpat. Donec vulputate posuere volutpat. Donec vulputate posuere volutpat.<\/p>\n\t<h2>informacja \/ rezerwacja \/ p\u0142atno\u015b\u0107<\/h2>\n<p>Wymagana jest wcze\u015bniejsza rezerwacja dla zwiedzania z przewodnikiem &#8211; dotyczy to zwiedzania pa\u0142acu oraz budynk\u00f3w przyleg\u0142ych z przewodnikiem.<\/p>\n<p><a href=\"tel:+48573237771\" class=\"wm-button color-\/error\/info\/success\/warning size-0\/l\/m\/s\/xl button\">zadzwo\u0144 573\u00a0237\u00a0771 <\/a><\/p>\n\t<h2>promocja \/ organizacja imprez \/ oferty<\/h2>\n<p>Na terenie zespo\u0142u pa\u0142acowo &#8211; parkowego organizujemy wycieczki indywidualne, zorganizowane, eventy. Na \u017cyczenie naszych go\u015bci istnieje mo\u017cliwo\u015b\u0107 zorganizowania grilla\/pocz\u0119stunku na \u015bwie\u017cym powietrzu.<\/p>\n<p><a href=\"tel:+48713992234\" class=\"wm-button color-\/error\/info\/success\/warning size-0\/l\/m\/s\/xl button\">zadzwo\u0144 71\u00a0399 22 34<\/a><\/p>\n<hr class=\"wm-divider type-line\" \/>\n\t\t\t\t<a href=\"https:\/\/palacgoszcz.twardogora.pl\/wp-content\/uploads\/2023\/01\/rewitalizacja_etap_1.jpg\" target=\"_self\" itemprop=\"url\" rel=\"noopener\">\n\t\t\t\t<img loading=\"lazy\" decoding=\"async\" src=\"https:\/\/palacgoszcz.twardogora.pl\/wp-content\/uploads\/2023\/01\/rewitalizacja_etap_1.jpg\" alt=\"rewitalizacja_etap_1\" itemprop=\"image\" height=\"800\" width=\"1200\" title=\"rewitalizacja_etap_1\" onerror=\"this.style.display='none'\"  \/>\n\t\t\t\t<\/a>\n\t<h1>EVENTY<\/h1>\n<p>Lorem ipsum dolor sit amet, consectetur adipiscing elit. Nullam suscipit orci vel feugiat elementum. Nullam faucibus sagittis rhoncus. Donec porta vulputate nisi, ut pretium quam pellentesque eget. Aliquam nec faucibus velit. Etiam lacinia dictum pellentesque.<\/p>\n<hr class=\"wm-divider type-line\" \/>\n\t\t\t\t<a href=\"https:\/\/palacgoszcz.twardogora.pl\/wp-content\/uploads\/2023\/01\/rewitalizacja_etap_1.jpg\" target=\"_self\" itemprop=\"url\" rel=\"noopener\">\n\t\t\t\t<img loading=\"lazy\" decoding=\"async\" src=\"https:\/\/palacgoszcz.twardogora.pl\/wp-content\/uploads\/2023\/01\/rewitalizacja_etap_1.jpg\" alt=\"rewitalizacja_etap_1\" itemprop=\"image\" height=\"800\" width=\"1200\" title=\"rewitalizacja_etap_1\" onerror=\"this.style.display='none'\"  \/>\n\t\t\t\t<\/a>\n\t<h1>WYCIECZKI GRUPOWE<br \/>\n<\/h1>\n<p>Lorem ipsum dolor sit amet, consectetur adipiscing elit. Nullam suscipit orci vel feugiat elementum. Nullam faucibus sagittis rhoncus. Donec porta vulputate nisi, ut pretium quam pellentesque eget. Aliquam nec faucibus velit. Etiam lacinia dictum pellentesque.<\/p>\n<hr class=\"wm-divider type-line\" \/>\n\t\t\t\t<a href=\"https:\/\/palacgoszcz.twardogora.pl\/wp-content\/uploads\/2023\/01\/rewitalizacja_etap_1.jpg\" target=\"_self\" itemprop=\"url\" rel=\"noopener\">\n\t\t\t\t<img loading=\"lazy\" decoding=\"async\" src=\"https:\/\/palacgoszcz.twardogora.pl\/wp-content\/uploads\/2023\/01\/rewitalizacja_etap_1.jpg\" alt=\"rewitalizacja_etap_1\" itemprop=\"image\" height=\"800\" width=\"1200\" title=\"rewitalizacja_etap_1\" onerror=\"this.style.display='none'\"  \/>\n\t\t\t\t<\/a>\n\t<h1>WYCIECZKI INDYWIDUALNE<br \/>\n<\/h1>\n<p>Lorem ipsum dolor sit amet, consectetur adipiscing elit. Nullam suscipit orci vel feugiat elementum. Nullam faucibus sagittis rhoncus. Donec porta vulputate nisi, ut pretium quam pellentesque eget. Aliquam nec faucibus velit. Etiam lacinia dictum pellentesque.<\/p>\n<hr class=\"wm-divider type-line\" \/>\n\t\t\t\t<a href=\"https:\/\/palacgoszcz.twardogora.pl\/wp-content\/uploads\/2023\/01\/rewitalizacja_etap_1.jpg\" target=\"_self\" itemprop=\"url\" rel=\"noopener\">\n\t\t\t\t<img loading=\"lazy\" decoding=\"async\" src=\"https:\/\/palacgoszcz.twardogora.pl\/wp-content\/uploads\/2023\/01\/rewitalizacja_etap_1.jpg\" alt=\"rewitalizacja_etap_1\" itemprop=\"image\" height=\"800\" width=\"1200\" title=\"rewitalizacja_etap_1\" onerror=\"this.style.display='none'\"  \/>\n\t\t\t\t<\/a>\n\t<h1>ZIELONE SZKO\u0141Y<br \/>\n<\/h1>\n<p>Lorem ipsum dolor sit amet, consectetur adipiscing elit. Nullam suscipit orci vel feugiat elementum. Nullam faucibus sagittis rhoncus. Donec porta vulputate nisi, ut pretium quam pellentesque eget. Aliquam nec faucibus velit. Etiam lacinia dictum pellentesque.<\/p>\n\n","protected":false},"excerpt":{"rendered":"<div class=\"entry-summary\">\n<div class=\"entry-summary\">\nOFERTA Lorem ipsum dolor sit amet, consectetur adipiscing elit. Nullam suscipit orci vel feugiat elementum. Nullam faucibus sagittis rhoncus. Donec porta vulputate nisi, ut pretium quam pellentesque eget. Aliquam nec faucibus velit. Etiam lacinia dictum pellentesque. Donec vulputate posuere volutpat.&hellip;\n<\/div>\n<div class=\"link-more\"><a href=\"https:\/\/palacgoszcz.twardogora.pl\/index.php\/oferta\/\" class=\"more-link\">Czytaj dalej<span class=\"screen-reader-text\"> &ldquo;Oferta&rdquo;<\/span>&hellip;<\/a><\/div>\n<\/div>\n<div class=\"link-more\"><a href=\"https:\/\/palacgoszcz.twardogora.pl\/index.php\/oferta\/\" class=\"more-link\">Czytaj dalej<span class=\"screen-reader-text\"> &ldquo;Oferta&rdquo;<\/span>&hellip;<\/a><\/div>\n","protected":false},"author":1,"featured_media":0,"parent":0,"menu_order":0,"comment_status":"closed","ping_status":"closed","template":"","meta":{"_acf_changed":false,"_monsterinsights_skip_tracking":false,"_monsterinsights_sitenote_active":false,"_monsterinsights_sitenote_note":"","_monsterinsights_sitenote_category":0,"pgc_sgb_lightbox_settings":"","footnotes":""},"class_list":["post-1656","page","type-page","status-publish","hentry","entry"],"acf":[],"_links":{"self":[{"href":"https:\/\/palacgoszcz.twardogora.pl\/index.php\/wp-json\/wp\/v2\/pages\/1656","targetHints":{"allow":["GET"]}}],"collection":[{"href":"https:\/\/palacgoszcz.twardogora.pl\/index.php\/wp-json\/wp\/v2\/pages"}],"about":[{"href":"https:\/\/palacgoszcz.twardogora.pl\/index.php\/wp-json\/wp\/v2\/types\/page"}],"author":[{"embeddable":true,"href":"https:\/\/palacgoszcz.twardogora.pl\/index.php\/wp-json\/wp\/v2\/users\/1"}],"replies":[{"embeddable":true,"href":"https:\/\/palacgoszcz.twardogora.pl\/index.php\/wp-json\/wp\/v2\/comments?post=1656"}],"version-history":[{"count":18,"href":"https:\/\/palacgoszcz.twardogora.pl\/index.php\/wp-json\/wp\/v2\/pages\/1656\/revisions"}],"predecessor-version":[{"id":2738,"href":"https:\/\/palacgoszcz.twardogora.pl\/index.php\/wp-json\/wp\/v2\/pages\/1656\/revisions\/2738"}],"wp:attachment":[{"href":"https:\/\/palacgoszcz.twardogora.pl\/index.php\/wp-json\/wp\/v2\/media?parent=1656"}],"curies":[{"name":"wp","href":"https:\/\/api.w.org\/{rel}","templated":true}]}}