{"id":1648,"date":"2023-01-07T21:06:16","date_gmt":"2023-01-07T20:06:16","guid":{"rendered":"https:\/\/palacgoszcz.twardogora.pl\/?page_id=1648"},"modified":"2023-06-21T10:34:10","modified_gmt":"2023-06-21T08:34:10","slug":"faq","status":"publish","type":"page","link":"https:\/\/palacgoszcz.twardogora.pl\/index.php\/faq\/","title":{"rendered":"FAQ"},"content":{"rendered":"\n<h1>\n\t\tFAQ\n\t<\/h1>\n\tCzyli cz\u0119sto zadawane pytania.<br \/>\n\n\t<h3>Jak mo\u017cna zwiedza\u0107 pa\u0142ac oraz pozosta\u0142e budynki?<\/h3>\n\t<p>Oferujemy mo\u017cliwo\u015b\u0107 zwiedzania indywidualnego oraz z przewodnikiem. Nale\u017cy ustali\u0107 termin po wcze\u015bniejszym kontakcie telefonicznym pod numerem: 573 237 771 lub 71 399 22 50<\/p>\n<hr class=\"wm-divider type-line\" \/>\n\t<h3>Czy s\u0105 dost\u0119pne miejsca parkingowe i w jakiej cenie?<\/h3>\n\t<p>Miejsca parkingowe dost\u0119pne s\u0105 na placu przed pa\u0142acem dla wszystkich go\u015bci i s\u0105 darmowe.<\/p>\n<hr class=\"wm-divider type-line\" \/>\n\t<h3>Czy na terenie obiektu mo\u017cna p\u0142aci\u0107 kart\u0105?<\/h3>\n\t<p>Mo\u017cliwa jest p\u0142atno\u015b\u0107 tylko got\u00f3wk\u0105.<\/p>\n<hr class=\"wm-divider type-line\" \/>\n\t<h3>Gdzie znajduje si\u0119 najbli\u017cszy bankomat?<\/h3>\n\t<p>Najbli\u017cszy bankomat zlokalizowany jest w Twardog\u00f3rze, przy ul. D\u0142ugiej (Bank Sp\u00f3\u0142dzielczy) lub przy Placu Piast\u00f3w (Santander).<\/p>\n<hr class=\"wm-divider type-line\" \/>\n\t<h3>Gdzie znajduje si\u0119 najbli\u017cszy sklep?<\/h3>\n\t<p>Na terenie zespo\u0142u pa\u0142acowo &#8211; parkowego mo\u017cemy skorzysta\u0107 z us\u0142ug Kawiarni Pa\u0142acowej. Najbli\u017cszy sklep spo\u017cywczo-przemys\u0142owy zlokalizowany jest 50 metr\u00f3w od ruin, kolejny przy ul. Rynek. Market wi\u0119kszej sieci spo\u017cywczej znajduje si\u0119 przy wyje\u017adzie z Goszcza (ul. Twardog\u00f3rska).<\/p>\n<hr class=\"wm-divider type-line\" \/>\n\t<h3>Jakie s\u0105 inne atrakcje w okolicy?<\/h3>\n\t<p>Zapraszamy do zak\u0142adki <a href=\"\/index.php\/atrakcje-w-regionie\/\"><strong>Atrakcje w regionie<\/strong><\/a> gdzie znajdziemy wi\u0119cej informacji o ofercie turystycznej, wyj\u0105tkowych miejscach oraz zabytkach.<\/p>\n<hr class=\"wm-divider type-line\" \/>\n\t<h3>Jakie s\u0105 atrakcje dla dzieci w okolicy?<\/h3>\n\t<p>Na terenie parku (przy ruinach) znajduje si\u0119 plac zabaw dla dzieci. Po wi\u0119cej atrakcji zapraszamy do zak\u0142adki <a href=\"\/index.php\/atrakcje-w-regionie\/\"><strong>Atrakcje w regionie.<\/strong><\/a><\/p>\n<hr class=\"wm-divider type-line\" \/>\n\t<h3>Gdzie w najbli\u017cszej okolicy znajduje si\u0119 restauracja?<\/h3>\n\t<p>Zapraszamy m.in. do:<\/p>\n<ul>\n<li>Campus Domas\u0142awice &#8211; Domas\u0142awice 30, 3,3 km &#8211; <a href=\"https:\/\/www.domaslawice.pl\/restauracja\" target=\"blank\" rel=\"noopener\">przejd\u017a na stron\u0119<\/a><\/li>\n<li>Intro Restaurant &amp; Pub &#8211; Twardog\u00f3ra, ul. Ogrodowa 1, 4,1 km &#8211; <a href=\"https:\/\/www.facebook.com\/introtwardogora\" target=\"blank\" rel=\"noopener\">przejd\u017a na stron\u0119<\/a><\/li>\n<li>Restauracja PolAnka &#8211; Twardog\u00f3ra, ul. Paderewskiego 1, 4,6 km &#8211; <a href=\"https:\/\/www.facebook.com\/profile.php?id=100063675031617\" target=\"blank\" rel=\"noopener\">przejd\u017a na stron\u0119<\/a><\/li>\n<li>Dworek Kr\u00f3lewski &#8211; Kr\u00f3lewska Wola 4a, 5,7 km &#8211; <a href=\"https:\/\/www.facebook.com\/dworekkrolewski\" target=\"blank\" rel=\"noopener\">przejd\u017a na stron\u0119<\/a><\/li>\n<\/ul>\n<hr class=\"wm-divider type-line\" \/>\n\t<h3>Czy na teren pa\u0142acu mo\u017cna wprowadza\u0107 zwierz\u0119ta?<\/h3>\n\t<p>Nie, zwierz\u0119ta s\u0105 jedynie mile widziane w obr\u0119bie ruin, na \u015bwie\u017cym powietrzu. Do budynk\u00f3w zamkni\u0119tych oraz do samego pa\u0142acu nie mo\u017cna wprowadza\u0107 zwierz\u0105t. Bardzo prosimy trzyma\u0107 psa na smyczy, aby nie przestraszy\u0142 innych turyst\u00f3w. Je\u015bli z uwagi na ras\u0119 lub charakter psa zachodzi taka potrzeba, prosimy o za\u0142o\u017cenie kaga\u0144ca.<\/p>\n<hr class=\"wm-divider type-line\" \/>\n\t<h3>Czy na terenie parku jest mo\u017cliwo\u015b\u0107 zorganizowania ogniska\/grilla?<\/h3>\n\t<p>Tak, dysponujemy zadaszonym miejscem na grilla czy te\u017c ognisko. W celu rezerwacji miejsca prosimy o kontakt z pracownikiem pod numerem +48 71 399 22 34 lub +48 573 237 771, kt\u00f3ry przeka\u017ce informacje o dost\u0119pno\u015bci miejsca.<\/p>\n<hr class=\"wm-divider type-line\" \/>\n","protected":false},"excerpt":{"rendered":"<div class=\"entry-summary\">\n<div class=\"entry-summary\">\nFAQ Czyli cz\u0119sto zadawane pytania. Jak mo\u017cna zwiedza\u0107 pa\u0142ac oraz pozosta\u0142e budynki? Oferujemy mo\u017cliwo\u015b\u0107 zwiedzania indywidualnego oraz z przewodnikiem. Nale\u017cy ustali\u0107 termin po wcze\u015bniejszym kontakcie telefonicznym pod numerem: 573 237 771 lub 71 399 22 50 Czy s\u0105 dost\u0119pne miejsca&hellip;\n<\/div>\n<div class=\"link-more\"><a href=\"https:\/\/palacgoszcz.twardogora.pl\/index.php\/faq\/\" class=\"more-link\">Czytaj dalej<span class=\"screen-reader-text\"> &ldquo;FAQ&rdquo;<\/span>&hellip;<\/a><\/div>\n<\/div>\n<div class=\"link-more\"><a href=\"https:\/\/palacgoszcz.twardogora.pl\/index.php\/faq\/\" class=\"more-link\">Czytaj dalej<span class=\"screen-reader-text\"> &ldquo;FAQ&rdquo;<\/span>&hellip;<\/a><\/div>\n","protected":false},"author":1,"featured_media":0,"parent":0,"menu_order":0,"comment_status":"closed","ping_status":"closed","template":"","meta":{"_acf_changed":false,"_monsterinsights_skip_tracking":false,"_monsterinsights_sitenote_active":false,"_monsterinsights_sitenote_note":"","_monsterinsights_sitenote_category":0,"pgc_sgb_lightbox_settings":"","footnotes":""},"class_list":["post-1648","page","type-page","status-publish","hentry","entry"],"acf":[],"_links":{"self":[{"href":"https:\/\/palacgoszcz.twardogora.pl\/index.php\/wp-json\/wp\/v2\/pages\/1648","targetHints":{"allow":["GET"]}}],"collection":[{"href":"https:\/\/palacgoszcz.twardogora.pl\/index.php\/wp-json\/wp\/v2\/pages"}],"about":[{"href":"https:\/\/palacgoszcz.twardogora.pl\/index.php\/wp-json\/wp\/v2\/types\/page"}],"author":[{"embeddable":true,"href":"https:\/\/palacgoszcz.twardogora.pl\/index.php\/wp-json\/wp\/v2\/users\/1"}],"replies":[{"embeddable":true,"href":"https:\/\/palacgoszcz.twardogora.pl\/index.php\/wp-json\/wp\/v2\/comments?post=1648"}],"version-history":[{"count":13,"href":"https:\/\/palacgoszcz.twardogora.pl\/index.php\/wp-json\/wp\/v2\/pages\/1648\/revisions"}],"predecessor-version":[{"id":3284,"href":"https:\/\/palacgoszcz.twardogora.pl\/index.php\/wp-json\/wp\/v2\/pages\/1648\/revisions\/3284"}],"wp:attachment":[{"href":"https:\/\/palacgoszcz.twardogora.pl\/index.php\/wp-json\/wp\/v2\/media?parent=1648"}],"curies":[{"name":"wp","href":"https:\/\/api.w.org\/{rel}","templated":true}]}}