{"id":1573,"date":"2023-01-07T13:46:39","date_gmt":"2023-01-07T12:46:39","guid":{"rendered":"https:\/\/palacgoszcz.twardogora.pl\/?page_id=1573"},"modified":"2023-01-19T20:30:08","modified_gmt":"2023-01-19T19:30:08","slug":"rewitalizacja","status":"publish","type":"page","link":"https:\/\/palacgoszcz.twardogora.pl\/index.php\/rewitalizacja\/","title":{"rendered":"Rewitalizacja"},"content":{"rendered":"\n<h1>\n\t\tREWITALIZACJA\n\t<\/h1>\n\t<p>Projekt \u201eRestauracja i rewitalizacja zabytkowego pa\u0142acu w Goszczu&#8221; ma na celu popraw\u0119 zarz\u0105dzania dziedzictwem kulturowym poprzez stworzenie odpowiednich warunk\u00f3w do prowadzenia dzia\u0142alno\u015bci kulturalnej zar\u00f3wno w zakresie infrastruktury jak i oferty kulturalnej. <\/p>\n<div class=\"wm-posts wm-posts-wrap clearfix wm-posts-post wm-posts-layout-default posts\"><div class=\"wm-posts-container wm-items-container with-margin\" data-columns=\"3\" data-time=\"0\" data-layout-mode=\"masonry\"><div class=\"wm-row with-margin\">\r\n<div class=\"wm-posts-item wm-posts-item-1630 wm-column width-1-3 with-margin has-thumbnail\">\r\n\r\n\t\r\n\r\n<article id=\"post-1630\" class=\"post-1630 post type-post status-publish format-standard has-post-thumbnail hentry category-rewitalizacja entry\">\r\n\r\n\t<div class=\"entry-media\"><figure class=\"post-thumbnail\"><a href=\"https:\/\/palacgoszcz.twardogora.pl\/index.php\/2022\/09\/15\/remont-dachu-wschodniego-skrzydla\/\"><img loading=\"lazy\" decoding=\"async\" width=\"744\" height=\"496\" src=\"https:\/\/palacgoszcz.twardogora.pl\/wp-content\/uploads\/2022\/09\/rewitalizacja_037-744x496.jpg\" class=\"attachment-medium size-medium wp-post-image\" alt=\"\" srcset=\"https:\/\/palacgoszcz.twardogora.pl\/wp-content\/uploads\/2022\/09\/rewitalizacja_037-744x496.jpg 744w, https:\/\/palacgoszcz.twardogora.pl\/wp-content\/uploads\/2022\/09\/rewitalizacja_037.jpg 1201w\" sizes=\"auto, (max-width: 744px) 100vw, 744px\" \/><\/a><\/figure><\/div><header class=\"entry-header\"><h2 class=\"entry-title\"><a href=\"https:\/\/palacgoszcz.twardogora.pl\/index.php\/2022\/09\/15\/remont-dachu-wschodniego-skrzydla\/\" rel=\"bookmark\">Remont dachu wschodniego skrzyd\u0142a<\/a><\/h2><\/header>\n<footer class=\"entry-meta\">\n<span class=\"entry-meta-element entry-date posted-on\">\n\t<span class=\"entry-meta-description label-published\">\n\t\tOpublikowano:\t<\/span>\n\t<a href=\"https:\/\/palacgoszcz.twardogora.pl\/index.php\/2022\/09\/15\/remont-dachu-wschodniego-skrzydla\/\" rel=\"bookmark\">\n\t\t<time datetime=\"2022-09-15T19:23:00+02:00\" class=\"published\" title=\"Opublikowano: 2022-09-15\">\n\t\t\t2022-09-15\t\t<\/time>\n\t<\/a>\n\t<span class=\"entry-meta-description label-updated\">\n\t\tLast updated on:\t<\/span>\n\t<time class=\"updated\" datetime=\"2023-01-17T21:17:05+01:00\" title=\"Last updated on: 2023-01-17\">\n\t\t2023-01-17\t<\/time>\n<\/span>\n\n<span class=\"entry-meta-element byline author vcard\">\n\t<span class=\"entry-meta-description\">\n\t\tWritten by:\t<\/span>\n\t<a href=\"https:\/\/palacgoszcz.twardogora.pl\/index.php\/author\/mw_admin\/\" class=\"url fn n\" rel=\"author\">\n\t\tmw_admin\t<\/a>\n<\/span>\n<\/footer>\n\r\n\t<div class=\"entry-content\"><div class=\"entry-summary\">\n<div class=\"entry-summary\">\nProjekt &#8211; poprzez prace konserwatorskie budynku przylegaj\u0105cego do pa\u0142acu w Goszczu &#8211; wp\u0142ynie na popraw\u0119 jako\u015bci ca\u0142ego zabytku.\n<\/div>\n<div class=\"link-more\"><a href=\"https:\/\/palacgoszcz.twardogora.pl\/index.php\/2022\/09\/15\/remont-dachu-wschodniego-skrzydla\/\" class=\"more-link\">Czytaj dalej<span class=\"screen-reader-text\"> &ldquo;Remont dachu wschodniego skrzyd\u0142a&rdquo;<\/span>&hellip;<\/a><\/div>\n<\/div>\n<div class=\"link-more\"><a href=\"https:\/\/palacgoszcz.twardogora.pl\/index.php\/2022\/09\/15\/remont-dachu-wschodniego-skrzydla\/\" class=\"more-link\">Czytaj dalej<span class=\"screen-reader-text\"> &ldquo;Remont dachu wschodniego skrzyd\u0142a&rdquo;<\/span>&hellip;<\/a><\/div>\n<\/div>\r\n\r\n\t\r\n<\/article>\r\n\r\n\r\n<\/div>\r\n\r\n<div class=\"wm-posts-item wm-posts-item-1627 wm-column width-1-3 with-margin alt has-thumbnail\">\r\n\r\n\t\r\n\r\n<article id=\"post-1627\" class=\"post-1627 post type-post status-publish format-standard has-post-thumbnail hentry category-rewitalizacja entry\">\r\n\r\n\t<div class=\"entry-media\"><figure class=\"post-thumbnail\"><a href=\"https:\/\/palacgoszcz.twardogora.pl\/index.php\/2022\/08\/11\/atrakcje-dolnego-slaska\/\"><img loading=\"lazy\" decoding=\"async\" width=\"744\" height=\"496\" src=\"https:\/\/palacgoszcz.twardogora.pl\/wp-content\/uploads\/2022\/08\/rewitalizacja_033-744x496.jpg\" class=\"attachment-medium size-medium wp-post-image\" alt=\"\" srcset=\"https:\/\/palacgoszcz.twardogora.pl\/wp-content\/uploads\/2022\/08\/rewitalizacja_033-744x496.jpg 744w, https:\/\/palacgoszcz.twardogora.pl\/wp-content\/uploads\/2022\/08\/rewitalizacja_033.jpg 1200w\" sizes=\"auto, (max-width: 744px) 100vw, 744px\" \/><\/a><\/figure><\/div><header class=\"entry-header\"><h2 class=\"entry-title\"><a href=\"https:\/\/palacgoszcz.twardogora.pl\/index.php\/2022\/08\/11\/atrakcje-dolnego-slaska\/\" rel=\"bookmark\">Atrakcje Dolnego \u015al\u0105ska<\/a><\/h2><\/header>\n<footer class=\"entry-meta\">\n<span class=\"entry-meta-element entry-date posted-on\">\n\t<span class=\"entry-meta-description label-published\">\n\t\tOpublikowano:\t<\/span>\n\t<a href=\"https:\/\/palacgoszcz.twardogora.pl\/index.php\/2022\/08\/11\/atrakcje-dolnego-slaska\/\" rel=\"bookmark\">\n\t\t<time datetime=\"2022-08-11T19:18:00+02:00\" class=\"published\" title=\"Opublikowano: 2022-08-11\">\n\t\t\t2022-08-11\t\t<\/time>\n\t<\/a>\n\t<span class=\"entry-meta-description label-updated\">\n\t\tLast updated on:\t<\/span>\n\t<time class=\"updated\" datetime=\"2023-01-17T21:17:15+01:00\" title=\"Last updated on: 2023-01-17\">\n\t\t2023-01-17\t<\/time>\n<\/span>\n\n<span class=\"entry-meta-element byline author vcard\">\n\t<span class=\"entry-meta-description\">\n\t\tWritten by:\t<\/span>\n\t<a href=\"https:\/\/palacgoszcz.twardogora.pl\/index.php\/author\/mw_admin\/\" class=\"url fn n\" rel=\"author\">\n\t\tmw_admin\t<\/a>\n<\/span>\n<\/footer>\n\r\n\t<div class=\"entry-content\"><div class=\"entry-summary\">\nDzi\u0119ki uprzejmo\u015bci Urz\u0119du Marsza\u0142kowskiego mieli\u015bmy mo\u017cliwo\u015b\u0107 wystawi\u0107 przy Pa\u0142acu Goszcz system wystawienniczy przedstawiaj\u0105cy wystaw\u0119 pn. \u201eSzlakiem zamk\u00f3w i pa\u0142ac\u00f3w dolno\u015bl\u0105skich\u201d.\n<\/div>\n<div class=\"link-more\"><a href=\"https:\/\/palacgoszcz.twardogora.pl\/index.php\/2022\/08\/11\/atrakcje-dolnego-slaska\/\" class=\"more-link\">Czytaj dalej<span class=\"screen-reader-text\"> &ldquo;Atrakcje Dolnego \u015al\u0105ska&rdquo;<\/span>&hellip;<\/a><\/div>\n<\/div>\r\n\r\n\t\r\n<\/article>\r\n\r\n\r\n<\/div>\r\n\r\n<div class=\"wm-posts-item wm-posts-item-1624 wm-column width-1-3 with-margin last has-thumbnail\">\r\n\r\n\t\r\n\r\n<article id=\"post-1624\" class=\"post-1624 post type-post status-publish format-standard has-post-thumbnail hentry category-rewitalizacja entry\">\r\n\r\n\t<div class=\"entry-media\"><figure class=\"post-thumbnail\"><a href=\"https:\/\/palacgoszcz.twardogora.pl\/index.php\/2022\/04\/25\/wizyta-norweskich-architektow\/\"><img loading=\"lazy\" decoding=\"async\" width=\"744\" height=\"496\" src=\"https:\/\/palacgoszcz.twardogora.pl\/wp-content\/uploads\/2022\/04\/rewitalizacja_028-744x496.jpg\" class=\"attachment-medium size-medium wp-post-image\" alt=\"\" srcset=\"https:\/\/palacgoszcz.twardogora.pl\/wp-content\/uploads\/2022\/04\/rewitalizacja_028-744x496.jpg 744w, https:\/\/palacgoszcz.twardogora.pl\/wp-content\/uploads\/2022\/04\/rewitalizacja_028.jpg 1200w\" sizes=\"auto, (max-width: 744px) 100vw, 744px\" \/><\/a><\/figure><\/div><header class=\"entry-header\"><h2 class=\"entry-title\"><a href=\"https:\/\/palacgoszcz.twardogora.pl\/index.php\/2022\/04\/25\/wizyta-norweskich-architektow\/\" rel=\"bookmark\">Wizyta norweskich architekt\u00f3w<\/a><\/h2><\/header>\n<footer class=\"entry-meta\">\n<span class=\"entry-meta-element entry-date posted-on\">\n\t<span class=\"entry-meta-description label-published\">\n\t\tOpublikowano:\t<\/span>\n\t<a href=\"https:\/\/palacgoszcz.twardogora.pl\/index.php\/2022\/04\/25\/wizyta-norweskich-architektow\/\" rel=\"bookmark\">\n\t\t<time datetime=\"2022-04-25T19:12:00+02:00\" class=\"published\" title=\"Opublikowano: 2022-04-25\">\n\t\t\t2022-04-25\t\t<\/time>\n\t<\/a>\n\t<span class=\"entry-meta-description label-updated\">\n\t\tLast updated on:\t<\/span>\n\t<time class=\"updated\" datetime=\"2023-01-17T21:17:26+01:00\" title=\"Last updated on: 2023-01-17\">\n\t\t2023-01-17\t<\/time>\n<\/span>\n\n<span class=\"entry-meta-element byline author vcard\">\n\t<span class=\"entry-meta-description\">\n\t\tWritten by:\t<\/span>\n\t<a href=\"https:\/\/palacgoszcz.twardogora.pl\/index.php\/author\/mw_admin\/\" class=\"url fn n\" rel=\"author\">\n\t\tmw_admin\t<\/a>\n<\/span>\n<\/footer>\n\r\n\t<div class=\"entry-content\"><div class=\"entry-summary\">\nCz\u0119\u015bci\u0105 dzia\u0142a\u0144 w ramach realizowanego przez nasz\u0105 gmin\u0119 wielkiego projektu \u201eRestauracja i rewitalizacja zabytkowego pa\u0142acu w Goszczu\u201d jest wymiana do\u015bwiadcze\u0144<br \/>\nz partnerem zagranicznym &#8211;  INTBAU Norway.\n<\/div>\n<div class=\"link-more\"><a href=\"https:\/\/palacgoszcz.twardogora.pl\/index.php\/2022\/04\/25\/wizyta-norweskich-architektow\/\" class=\"more-link\">Czytaj dalej<span class=\"screen-reader-text\"> &ldquo;Wizyta norweskich architekt\u00f3w&rdquo;<\/span>&hellip;<\/a><\/div>\n<\/div>\r\n\r\n\t\r\n<\/article>\r\n\r\n\r\n<\/div>\r\n<\/div><div class=\"wm-row with-margin\">\r\n<div class=\"wm-posts-item wm-posts-item-1621 wm-column width-1-3 with-margin alt has-thumbnail\">\r\n\r\n\t\r\n\r\n<article id=\"post-1621\" class=\"post-1621 post type-post status-publish format-standard has-post-thumbnail hentry category-rewitalizacja entry\">\r\n\r\n\t<div class=\"entry-media\"><figure class=\"post-thumbnail\"><a href=\"https:\/\/palacgoszcz.twardogora.pl\/index.php\/2022\/04\/23\/palacg-goszcz-pod-lupa-pw-2\/\"><img loading=\"lazy\" decoding=\"async\" width=\"744\" height=\"496\" src=\"https:\/\/palacgoszcz.twardogora.pl\/wp-content\/uploads\/2022\/04\/rewitalizacja_041-744x496.jpg\" class=\"attachment-medium size-medium wp-post-image\" alt=\"\" srcset=\"https:\/\/palacgoszcz.twardogora.pl\/wp-content\/uploads\/2022\/04\/rewitalizacja_041-744x496.jpg 744w, https:\/\/palacgoszcz.twardogora.pl\/wp-content\/uploads\/2022\/04\/rewitalizacja_041.jpg 1200w\" sizes=\"auto, (max-width: 744px) 100vw, 744px\" \/><\/a><\/figure><\/div><header class=\"entry-header\"><h2 class=\"entry-title\"><a href=\"https:\/\/palacgoszcz.twardogora.pl\/index.php\/2022\/04\/23\/palacg-goszcz-pod-lupa-pw-2\/\" rel=\"bookmark\">Pa\u0142ac Goszcz pod lup\u0105 Politechniki Wroc\u0142awskiej &#8211; etap 2<\/a><\/h2><\/header>\n<footer class=\"entry-meta\">\n<span class=\"entry-meta-element entry-date posted-on\">\n\t<span class=\"entry-meta-description label-published\">\n\t\tOpublikowano:\t<\/span>\n\t<a href=\"https:\/\/palacgoszcz.twardogora.pl\/index.php\/2022\/04\/23\/palacg-goszcz-pod-lupa-pw-2\/\" rel=\"bookmark\">\n\t\t<time datetime=\"2022-04-23T19:03:00+02:00\" class=\"published\" title=\"Opublikowano: 2022-04-23\">\n\t\t\t2022-04-23\t\t<\/time>\n\t<\/a>\n\t<span class=\"entry-meta-description label-updated\">\n\t\tLast updated on:\t<\/span>\n\t<time class=\"updated\" datetime=\"2023-01-17T21:17:37+01:00\" title=\"Last updated on: 2023-01-17\">\n\t\t2023-01-17\t<\/time>\n<\/span>\n\n<span class=\"entry-meta-element byline author vcard\">\n\t<span class=\"entry-meta-description\">\n\t\tWritten by:\t<\/span>\n\t<a href=\"https:\/\/palacgoszcz.twardogora.pl\/index.php\/author\/mw_admin\/\" class=\"url fn n\" rel=\"author\">\n\t\tmw_admin\t<\/a>\n<\/span>\n<\/footer>\n\r\n\t<div class=\"entry-content\"><div class=\"entry-summary\">\n22 kwietnia w hali sportowo-widowiskowej GOSiR w Twardog\u00f3rze odby\u0142o si\u0119 zako\u0144czenie cyklu warsztatowego &#8222;Cement, zaprawa, beton&#8221;.\n<\/div>\n<div class=\"link-more\"><a href=\"https:\/\/palacgoszcz.twardogora.pl\/index.php\/2022\/04\/23\/palacg-goszcz-pod-lupa-pw-2\/\" class=\"more-link\">Czytaj dalej<span class=\"screen-reader-text\"> &ldquo;Pa\u0142ac Goszcz pod lup\u0105 Politechniki Wroc\u0142awskiej &#8211; etap 2&rdquo;<\/span>&hellip;<\/a><\/div>\n<\/div>\r\n\r\n\t\r\n<\/article>\r\n\r\n\r\n<\/div>\r\n\r\n<div class=\"wm-posts-item wm-posts-item-1618 wm-column width-1-3 with-margin has-thumbnail\">\r\n\r\n\t\r\n\r\n<article id=\"post-1618\" class=\"post-1618 post type-post status-publish format-standard has-post-thumbnail hentry category-rewitalizacja entry\">\r\n\r\n\t<div class=\"entry-media\"><figure class=\"post-thumbnail\"><a href=\"https:\/\/palacgoszcz.twardogora.pl\/index.php\/2022\/03\/25\/palacg-goszcz-pod-lupa-pw\/\"><img loading=\"lazy\" decoding=\"async\" width=\"744\" height=\"496\" src=\"https:\/\/palacgoszcz.twardogora.pl\/wp-content\/uploads\/2022\/03\/rewitalizacja_019-744x496.jpg\" class=\"attachment-medium size-medium wp-post-image\" alt=\"\" srcset=\"https:\/\/palacgoszcz.twardogora.pl\/wp-content\/uploads\/2022\/03\/rewitalizacja_019-744x496.jpg 744w, https:\/\/palacgoszcz.twardogora.pl\/wp-content\/uploads\/2022\/03\/rewitalizacja_019.jpg 1200w\" sizes=\"auto, (max-width: 744px) 100vw, 744px\" \/><\/a><\/figure><\/div><header class=\"entry-header\"><h2 class=\"entry-title\"><a href=\"https:\/\/palacgoszcz.twardogora.pl\/index.php\/2022\/03\/25\/palacg-goszcz-pod-lupa-pw\/\" rel=\"bookmark\">Pa\u0142ac Goszcz pod lup\u0105 Politechniki Wroc\u0142awskiej<\/a><\/h2><\/header>\n<footer class=\"entry-meta\">\n<span class=\"entry-meta-element entry-date posted-on\">\n\t<span class=\"entry-meta-description label-published\">\n\t\tOpublikowano:\t<\/span>\n\t<a href=\"https:\/\/palacgoszcz.twardogora.pl\/index.php\/2022\/03\/25\/palacg-goszcz-pod-lupa-pw\/\" rel=\"bookmark\">\n\t\t<time datetime=\"2022-03-25T18:50:00+01:00\" class=\"published\" title=\"Opublikowano: 2022-03-25\">\n\t\t\t2022-03-25\t\t<\/time>\n\t<\/a>\n\t<span class=\"entry-meta-description label-updated\">\n\t\tLast updated on:\t<\/span>\n\t<time class=\"updated\" datetime=\"2023-01-17T21:17:46+01:00\" title=\"Last updated on: 2023-01-17\">\n\t\t2023-01-17\t<\/time>\n<\/span>\n\n<span class=\"entry-meta-element byline author vcard\">\n\t<span class=\"entry-meta-description\">\n\t\tWritten by:\t<\/span>\n\t<a href=\"https:\/\/palacgoszcz.twardogora.pl\/index.php\/author\/mw_admin\/\" class=\"url fn n\" rel=\"author\">\n\t\tmw_admin\t<\/a>\n<\/span>\n<\/footer>\n\r\n\t<div class=\"entry-content\"><div class=\"entry-summary\">\nW dniach 23-24 marca br. w sali teatralnej zespo\u0142u pa\u0142acowego w Goszczu odby\u0142y warsztaty &#8222;Cement, zaprawa, beton &#8211; warsztaty dla m\u0142odzie\u017cy szkolnej miasta i gminy Twardog\u00f3ra&#8221;\n<\/div>\n<div class=\"link-more\"><a href=\"https:\/\/palacgoszcz.twardogora.pl\/index.php\/2022\/03\/25\/palacg-goszcz-pod-lupa-pw\/\" class=\"more-link\">Czytaj dalej<span class=\"screen-reader-text\"> &ldquo;Pa\u0142ac Goszcz pod lup\u0105 Politechniki Wroc\u0142awskiej&rdquo;<\/span>&hellip;<\/a><\/div>\n<\/div>\r\n\r\n\t\r\n<\/article>\r\n\r\n\r\n<\/div>\r\n\r\n<div class=\"wm-posts-item wm-posts-item-1613 wm-column width-1-3 with-margin alt last has-thumbnail\">\r\n\r\n\t\r\n\r\n<article id=\"post-1613\" class=\"post-1613 post type-post status-publish format-standard has-post-thumbnail hentry category-rewitalizacja entry\">\r\n\r\n\t<div class=\"entry-media\"><figure class=\"post-thumbnail\"><a href=\"https:\/\/palacgoszcz.twardogora.pl\/index.php\/2021\/12\/29\/odnaleziono-skrzynie\/\"><img loading=\"lazy\" decoding=\"async\" width=\"744\" height=\"496\" src=\"https:\/\/palacgoszcz.twardogora.pl\/wp-content\/uploads\/2021\/12\/rewitalizacja_016-744x496.jpg\" class=\"attachment-medium size-medium wp-post-image\" alt=\"\" srcset=\"https:\/\/palacgoszcz.twardogora.pl\/wp-content\/uploads\/2021\/12\/rewitalizacja_016-744x496.jpg 744w, https:\/\/palacgoszcz.twardogora.pl\/wp-content\/uploads\/2021\/12\/rewitalizacja_016.jpg 1200w\" sizes=\"auto, (max-width: 744px) 100vw, 744px\" \/><\/a><\/figure><\/div><header class=\"entry-header\"><h2 class=\"entry-title\"><a href=\"https:\/\/palacgoszcz.twardogora.pl\/index.php\/2021\/12\/29\/odnaleziono-skrzynie\/\" rel=\"bookmark\">Odnaleziono skrzyni\u0119<\/a><\/h2><\/header>\n<footer class=\"entry-meta\">\n<span class=\"entry-meta-element entry-date posted-on\">\n\t<span class=\"entry-meta-description label-published\">\n\t\tOpublikowano:\t<\/span>\n\t<a href=\"https:\/\/palacgoszcz.twardogora.pl\/index.php\/2021\/12\/29\/odnaleziono-skrzynie\/\" rel=\"bookmark\">\n\t\t<time datetime=\"2021-12-29T18:33:00+01:00\" class=\"published\" title=\"Opublikowano: 2021-12-29\">\n\t\t\t2021-12-29\t\t<\/time>\n\t<\/a>\n\t<span class=\"entry-meta-description label-updated\">\n\t\tLast updated on:\t<\/span>\n\t<time class=\"updated\" datetime=\"2023-01-17T21:17:58+01:00\" title=\"Last updated on: 2023-01-17\">\n\t\t2023-01-17\t<\/time>\n<\/span>\n\n<span class=\"entry-meta-element byline author vcard\">\n\t<span class=\"entry-meta-description\">\n\t\tWritten by:\t<\/span>\n\t<a href=\"https:\/\/palacgoszcz.twardogora.pl\/index.php\/author\/mw_admin\/\" class=\"url fn n\" rel=\"author\">\n\t\tmw_admin\t<\/a>\n<\/span>\n<\/footer>\n\r\n\t<div class=\"entry-content\"><div class=\"entry-summary\">\nRuiny Pa\u0142acu w Goszczu powoli odkrywaj\u0105 ukryte pod gruzami tajemnice. Podczas trwaj\u0105cych prac archeologicznych 28 grudnia 2021 roku, przy odgruzowaniu ruin, w miejscu jednej z dawnych komnat natkni\u0119to si\u0119 na zjawiskow\u0105 skrzyni\u0119.\n<\/div>\n<div class=\"link-more\"><a href=\"https:\/\/palacgoszcz.twardogora.pl\/index.php\/2021\/12\/29\/odnaleziono-skrzynie\/\" class=\"more-link\">Czytaj dalej<span class=\"screen-reader-text\"> &ldquo;Odnaleziono skrzyni\u0119&rdquo;<\/span>&hellip;<\/a><\/div>\n<\/div>\r\n\r\n\t\r\n<\/article>\r\n\r\n\r\n<\/div>\r\n<\/div><div class=\"wm-row with-margin\">\r\n<div class=\"wm-posts-item wm-posts-item-1592 wm-column width-1-3 with-margin has-thumbnail\">\r\n\r\n\t\r\n\r\n<article id=\"post-1592\" class=\"post-1592 post type-post status-publish format-standard has-post-thumbnail hentry category-rewitalizacja entry\">\r\n\r\n\t<div class=\"entry-media\"><figure class=\"post-thumbnail\"><a href=\"https:\/\/palacgoszcz.twardogora.pl\/index.php\/2021\/10\/01\/wizyta-w-norwegii\/\"><img loading=\"lazy\" decoding=\"async\" width=\"744\" height=\"496\" src=\"https:\/\/palacgoszcz.twardogora.pl\/wp-content\/uploads\/2021\/10\/rewitalizacja_010-744x496.jpg\" class=\"attachment-medium size-medium wp-post-image\" alt=\"\" srcset=\"https:\/\/palacgoszcz.twardogora.pl\/wp-content\/uploads\/2021\/10\/rewitalizacja_010-744x496.jpg 744w, https:\/\/palacgoszcz.twardogora.pl\/wp-content\/uploads\/2021\/10\/rewitalizacja_010.jpg 1200w\" sizes=\"auto, (max-width: 744px) 100vw, 744px\" \/><\/a><\/figure><\/div><header class=\"entry-header\"><h2 class=\"entry-title\"><a href=\"https:\/\/palacgoszcz.twardogora.pl\/index.php\/2021\/10\/01\/wizyta-w-norwegii\/\" rel=\"bookmark\">Wizyta studyjna w Norwegii<\/a><\/h2><\/header>\n<footer class=\"entry-meta\">\n<span class=\"entry-meta-element entry-date posted-on\">\n\t<span class=\"entry-meta-description label-published\">\n\t\tOpublikowano:\t<\/span>\n\t<a href=\"https:\/\/palacgoszcz.twardogora.pl\/index.php\/2021\/10\/01\/wizyta-w-norwegii\/\" rel=\"bookmark\">\n\t\t<time datetime=\"2021-10-01T14:17:00+02:00\" class=\"published\" title=\"Opublikowano: 2021-10-01\">\n\t\t\t2021-10-01\t\t<\/time>\n\t<\/a>\n\t<span class=\"entry-meta-description label-updated\">\n\t\tLast updated on:\t<\/span>\n\t<time class=\"updated\" datetime=\"2023-01-17T21:18:10+01:00\" title=\"Last updated on: 2023-01-17\">\n\t\t2023-01-17\t<\/time>\n<\/span>\n\n<span class=\"entry-meta-element byline author vcard\">\n\t<span class=\"entry-meta-description\">\n\t\tWritten by:\t<\/span>\n\t<a href=\"https:\/\/palacgoszcz.twardogora.pl\/index.php\/author\/mw_admin\/\" class=\"url fn n\" rel=\"author\">\n\t\tmw_admin\t<\/a>\n<\/span>\n<\/footer>\n\r\n\t<div class=\"entry-content\"><div class=\"entry-summary\">\nW dniach 25-28 wrze\u015bnia przedstawiciele gminy Twardog\u00f3ra wzi\u0119li udzia\u0142 w wizycie studyjnej w Oslo zrealizowanej w ramach projektu pn. &#8222;Restauracja i rewitalizacja zabytkowego pa\u0142acu w Goszczu&#8221;\n<\/div>\n<div class=\"link-more\"><a href=\"https:\/\/palacgoszcz.twardogora.pl\/index.php\/2021\/10\/01\/wizyta-w-norwegii\/\" class=\"more-link\">Czytaj dalej<span class=\"screen-reader-text\"> &ldquo;Wizyta studyjna w Norwegii&rdquo;<\/span>&hellip;<\/a><\/div>\n<\/div>\r\n\r\n\t\r\n<\/article>\r\n\r\n\r\n<\/div>\r\n\r\n<div class=\"wm-posts-item wm-posts-item-1583 wm-column width-1-3 with-margin alt has-thumbnail\">\r\n\r\n\t\r\n\r\n<article id=\"post-1583\" class=\"post-1583 post type-post status-publish format-standard has-post-thumbnail hentry category-rewitalizacja entry\">\r\n\r\n\t<div class=\"entry-media\"><figure class=\"post-thumbnail\"><a href=\"https:\/\/palacgoszcz.twardogora.pl\/index.php\/2020\/11\/26\/historyczna-szansa-dla-palacu-w-goszczu\/\"><img loading=\"lazy\" decoding=\"async\" width=\"744\" height=\"496\" src=\"https:\/\/palacgoszcz.twardogora.pl\/wp-content\/uploads\/2023\/01\/historia_17-744x496.jpg\" class=\"attachment-medium size-medium wp-post-image\" alt=\"\" srcset=\"https:\/\/palacgoszcz.twardogora.pl\/wp-content\/uploads\/2023\/01\/historia_17-744x496.jpg 744w, https:\/\/palacgoszcz.twardogora.pl\/wp-content\/uploads\/2023\/01\/historia_17.jpg 1200w\" sizes=\"auto, (max-width: 744px) 100vw, 744px\" \/><\/a><\/figure><\/div><header class=\"entry-header\"><h2 class=\"entry-title\"><a href=\"https:\/\/palacgoszcz.twardogora.pl\/index.php\/2020\/11\/26\/historyczna-szansa-dla-palacu-w-goszczu\/\" rel=\"bookmark\">Historyczna szansa dla pa\u0142acu w Goszczu<\/a><\/h2><\/header>\n<footer class=\"entry-meta\">\n<span class=\"entry-meta-element entry-date posted-on\">\n\t<span class=\"entry-meta-description label-published\">\n\t\tOpublikowano:\t<\/span>\n\t<a href=\"https:\/\/palacgoszcz.twardogora.pl\/index.php\/2020\/11\/26\/historyczna-szansa-dla-palacu-w-goszczu\/\" rel=\"bookmark\">\n\t\t<time datetime=\"2020-11-26T17:00:00+01:00\" class=\"published\" title=\"Opublikowano: 2020-11-26\">\n\t\t\t2020-11-26\t\t<\/time>\n\t<\/a>\n\t<span class=\"entry-meta-description label-updated\">\n\t\tLast updated on:\t<\/span>\n\t<time class=\"updated\" datetime=\"2023-01-17T21:18:21+01:00\" title=\"Last updated on: 2023-01-17\">\n\t\t2023-01-17\t<\/time>\n<\/span>\n\n<span class=\"entry-meta-element byline author vcard\">\n\t<span class=\"entry-meta-description\">\n\t\tWritten by:\t<\/span>\n\t<a href=\"https:\/\/palacgoszcz.twardogora.pl\/index.php\/author\/mw_admin\/\" class=\"url fn n\" rel=\"author\">\n\t\tmw_admin\t<\/a>\n<\/span>\n<\/footer>\n\r\n\t<div class=\"entry-content\"><div class=\"entry-summary\">\nW marcu 2020 roku Gmina Twardog\u00f3ra z\u0142o\u017cy\u0142a wniosek o dofinansowanie do zabezpieczenia, ustabilizowania i cz\u0119\u015bciowej restauracji goszcza\u0144skiego pa\u0142acu, na kt\u00f3re otrzyma\u0142a blisko 9 mln z\u0142otych dofinansowania.\n<\/div>\n<div class=\"link-more\"><a href=\"https:\/\/palacgoszcz.twardogora.pl\/index.php\/2020\/11\/26\/historyczna-szansa-dla-palacu-w-goszczu\/\" class=\"more-link\">Czytaj dalej<span class=\"screen-reader-text\"> &ldquo;Historyczna szansa dla pa\u0142acu w Goszczu&rdquo;<\/span>&hellip;<\/a><\/div>\n<\/div>\r\n\r\n\t\r\n<\/article>\r\n\r\n\r\n<\/div>\r\n<\/div><\/div><\/div>\n","protected":false},"excerpt":{"rendered":"<div class=\"entry-summary\">\nREWITALIZACJA Projekt \u201eRestauracja i rewitalizacja zabytkowego pa\u0142acu w Goszczu&#8221; ma na celu popraw\u0119 zarz\u0105dzania dziedzictwem kulturowym poprzez stworzenie odpowiednich warunk\u00f3w do prowadzenia dzia\u0142alno\u015bci kulturalnej zar\u00f3wno w zakresie infrastruktury jak i oferty kulturalnej.\n<\/div>\n<div class=\"link-more\"><a href=\"https:\/\/palacgoszcz.twardogora.pl\/index.php\/2020\/11\/26\/historyczna-szansa-dla-palacu-w-goszczu\/\" class=\"more-link\">Czytaj dalej<span class=\"screen-reader-text\"> &ldquo;Historyczna szansa dla pa\u0142acu w Goszczu&rdquo;<\/span>&hellip;<\/a><\/div>\n","protected":false},"author":1,"featured_media":0,"parent":0,"menu_order":0,"comment_status":"closed","ping_status":"closed","template":"","meta":{"_acf_changed":false,"_monsterinsights_skip_tracking":false,"_monsterinsights_sitenote_active":false,"_monsterinsights_sitenote_note":"","_monsterinsights_sitenote_category":0,"pgc_sgb_lightbox_settings":"","footnotes":""},"class_list":["post-1573","page","type-page","status-publish","hentry","entry"],"acf":[],"_links":{"self":[{"href":"https:\/\/palacgoszcz.twardogora.pl\/index.php\/wp-json\/wp\/v2\/pages\/1573","targetHints":{"allow":["GET"]}}],"collection":[{"href":"https:\/\/palacgoszcz.twardogora.pl\/index.php\/wp-json\/wp\/v2\/pages"}],"about":[{"href":"https:\/\/palacgoszcz.twardogora.pl\/index.php\/wp-json\/wp\/v2\/types\/page"}],"author":[{"embeddable":true,"href":"https:\/\/palacgoszcz.twardogora.pl\/index.php\/wp-json\/wp\/v2\/users\/1"}],"replies":[{"embeddable":true,"href":"https:\/\/palacgoszcz.twardogora.pl\/index.php\/wp-json\/wp\/v2\/comments?post=1573"}],"version-history":[{"count":11,"href":"https:\/\/palacgoszcz.twardogora.pl\/index.php\/wp-json\/wp\/v2\/pages\/1573\/revisions"}],"predecessor-version":[{"id":2878,"href":"https:\/\/palacgoszcz.twardogora.pl\/index.php\/wp-json\/wp\/v2\/pages\/1573\/revisions\/2878"}],"wp:attachment":[{"href":"https:\/\/palacgoszcz.twardogora.pl\/index.php\/wp-json\/wp\/v2\/media?parent=1573"}],"curies":[{"name":"wp","href":"https:\/\/api.w.org\/{rel}","templated":true}]}}