{"id":1455,"date":"2023-01-06T13:13:32","date_gmt":"2023-01-06T12:13:32","guid":{"rendered":"https:\/\/palacgoszcz.twardogora.pl\/?page_id=1455"},"modified":"2023-01-17T21:14:25","modified_gmt":"2023-01-17T20:14:25","slug":"etapy-prac","status":"publish","type":"page","link":"https:\/\/palacgoszcz.twardogora.pl\/index.php\/etapy-prac\/","title":{"rendered":"Etapy prac"},"content":{"rendered":"\n<h1>\n\t\tETAPY PRAC\n\t<\/h1>\n\tProjekt \u201eRestauracja i rewitalizacja zabytkowego pa\u0142acu w Goszczu&#8221; to wieloetapowa inwestycja na kt\u00f3r\u0105 z\u0142o\u017cy\u0142y si\u0119 m.in.: remont ruiny, konserwacja detali, przystosowanie obiektu do zwiedzania, budowa platform widokowych, monta\u017c iluminacji \u015bwietlnej. Do tej historycznej inwestycji Gmina Twardog\u00f3ra przygotowywa\u0142a si\u0119 od 2019 roku.<br \/>\n\n\t\t\t\t<a href=\"https:\/\/palacgoszcz.twardogora.pl\/wp-content\/uploads\/2023\/01\/rewitalizacja_etap_1.jpg\" target=\"_self\" itemprop=\"url\" rel=\"noopener\">\n\t\t\t\t<img loading=\"lazy\" decoding=\"async\" src=\"https:\/\/palacgoszcz.twardogora.pl\/wp-content\/uploads\/2023\/01\/rewitalizacja_etap_1.jpg\" alt=\"rewitalizacja_etap_1\" itemprop=\"image\" height=\"800\" width=\"1200\" title=\"rewitalizacja_etap_1\" onerror=\"this.style.display='none'\"  \/>\n\t\t\t\t<\/a>\n<h1>\n\t\tETAP 1\n\t<\/h1>\n\t<p>OPUBLIKOWANO: <strong>2021-07-28<\/strong><\/p>\n\t<h1>RUSZAJ\u0104 PRACE BUDOWLANE PRZY PA\u0141ACU W GOSZCZU<\/h1>\n<p>Konstrukcja jednego z najwa\u017cniejszych zabytk\u00f3w naszej gminy zostanie zabezpieczona i przystosowana do zwiedzania. Umowa na wykonanie rob\u00f3t budowlanych, konserwatorskich i restauratorskich pomi\u0119dzy Gmin\u0105 Twardog\u00f3ra a firm\u0105 Haras Budownictwo Sp. z o. o. &#8211; sp. k. zosta\u0142a podpisana 28 lipca 2021 roku.<\/p>\n<div class=\"wm-accordion clearfix\" data-active=\"0\" data-mode=\"accordion\">\r\n<div class=\"wm-item wm-item-wrap\"><h3 class=\"wm-item-title\" data-tags=\"\" data-tag-names=\"\"><span class=\"icon-ion-ios-book\" aria-hidden=\"true\"> <\/span>czytaj wi\u0119cej<\/h3><div class=\"wm-item-content clearfix czytajwicej\"><p>Prace realizowane b\u0119d\u0105 w ramach projektu pn. \u201eRestauracja i rewitalizacja zabytkowego pa\u0142acu w Goszczu&#8221; &#8211; jednego z najwi\u0119kszych wyzwa\u0144 w historii twardog\u00f3rskiego samorz\u0105du.<\/p>\n<blockquote><p><em>Jestem szcz\u0119\u015bliwy, \u017ce rozpoczynamy prace budowlane &#8211; m\u00f3wi\u0142 burmistrz Pawe\u0142 Czuli\u0144ski. Widzimy jak degradacja pa\u0142acu post\u0119puje, za kilka lat nie mieliby\u015bmy ju\u017c czego ratowa\u0107. Naszym celem jest, aby ten zabytek sta\u0142 si\u0119 pere\u0142k\u0105 architektoniczn\u0105, kt\u00f3r\u0105 b\u0119d\u0105 ch\u0119tnie odwiedza\u0107 nasi mieszka\u0144cy, jak i tury\u015bci z ca\u0142ej Polski &#8211; podkre\u015bla\u0142.<\/em><\/p><\/blockquote>\n<blockquote><p><em>Dzi\u0119kuj\u0119 wszystkim, kt\u00f3rzy przyczynili si\u0119 do tego, \u017ce ten projekt rozpoczyna si\u0119 w\u0142a\u015bnie dzi\u015b, \u017ce jeste\u015bmy cz\u0119\u015bci\u0105 tej historii &#8211; doda\u0142 Przewodnicz\u0105cy Rady Miejskiej w Twardog\u00f3rze Miros\u0142aw Adamczyk. Rada Miejska w Twardog\u00f3rze od pocz\u0105tku wspiera\u0142a ten projekt i dalej b\u0119dzie go wspiera\u0107. \u017bycz\u0119 aby realizacja inwestycji przebieg\u0142a pomy\u015blnie.<\/em><\/p><\/blockquote>\n<p>Zniszczony w po\u017carze po II wojnie \u015bwiatowej, znajduj\u0105cy si\u0119 w ruinie &#8211; przez ponad siedemdziesi\u0105t lat &#8211; pa\u0142ac w Goszczu, otrzyma\u0142 drugie \u017cycie. Podpisana umowa zak\u0142ada: zabezpieczenie konstrukcyjne mur\u00f3w korpusu g\u0142\u00f3wnego obiektu w formie trwa\u0142ej ruiny, konserwacj\u0119 detalu oraz wykonanie rob\u00f3t maj\u0105cych na celu ograniczenie bezpowrotnej destrukcji. Jednocze\u015bnie obiekt, kt\u00f3ry niegdy\u015b by\u0142 por\u00f3wnywany do rezydencji w Poczdamie i Wilanowie zostanie przystosowany do zwiedzania poprzez budow\u0119 platformy widokowej, monta\u017c opraw iluminacji zabytku, kamer monitoringu oraz udogodnie\u0144 dla os\u00f3b niepe\u0142nosprawnych.W uroczysto\u015bci podpisania umowy wzi\u0119li udzia\u0142 Burmistrz Miasta i Gminy Twardog\u00f3ra Pawe\u0142 Czuli\u0144ski, przedstawiciele wykonawcy: Prezes Zarz\u0105du Arkadiusz Harasimowicz oraz prokurent Sylwia Urbaniak, pos\u0142owie na Sejm RP: Agnieszka Soin i Micha\u0142 Jaros, Przewodnicz\u0105cy Rady Miejskiej w Twardog\u00f3rze Miros\u0142aw Adamczyk, Wiceprzewodnicz\u0105cy Rady Miejskiej w Twardog\u00f3rze Mateusz Szczepaniak oraz radni: Katarzyna Urbanek, Magdalena \u017berebecka, Jolanta Rusinek, Maciej Bukowski, a tak\u017ce wnuk ostatniego w\u0142a\u015bciciela obiektu z rodu von Reichenbach: Albrecht Graf von Reichenbach z rodzin\u0105, prezes zarz\u0105du firmy wspieraj\u0105cej gmin\u0119 w procesie aplikacji \u201eProgress Consulting&#8221; sp. z o.o. Tomasz Pierzga, so\u0142tys so\u0142ectwa Goszcz Stanis\u0142aw Kadela oraz dyrektorzy, kierownicy i pracownicy gminnych jednostek oraz referat\u00f3w UMiG w Twardog\u00f3rze.<\/p>\n<blockquote><p><em>Dolny \u015al\u0105sk jest miejscem wspania\u0142ym, a Goszcz jest dla mnie bardzo wa\u017cny &#8211; zaznacza\u0142 pose\u0142 Micha\u0142 Jaros. O zabezpieczenie \u015brodk\u00f3w na rewitalizacj\u0119 pa\u0142acu w Goszczu sk\u0142ada\u0142em poprawk\u0119 do Bud\u017cetu Pa\u0144stwa na 2021 rok. Teraz, dzi\u0119ki \u015brodkom z funduszy norweskich oraz dotacji z Ministerstwa Kultury, Dziedzictwa Narodowego i Sportu &#8211; ten pa\u0142ac doczeka si\u0119 remontu. Z niecierpliwo\u015bci\u0105 czekam na efekt ko\u0144cowy i otwarcie tego wyj\u0105tkowego miejsca dla mieszka\u0144c\u00f3w oraz turyst\u00f3w.<\/em><\/p><\/blockquote>\n<blockquote><p><em>Dzi\u0119kuj\u0119 Panu Burmistrzowi za zaproszenie na to wydarzenie. Ja i moja rodzina bardzo si\u0119 cieszymy z tego projektu &#8211; podkre\u015bla\u0142 Albrecht Graf von Reichenbach. Mam nadziej\u0119, \u017ce kiedy\u015b i ten obiekt &#8211; podobnie jak wybudowany przez nasz\u0105 rodzin\u0119 Ko\u015bci\u00f3\u0142 Pokoju w Jaworze &#8211; zostanie wpisany na list\u0119 UNESCO. Ciesz\u0119 si\u0119 r\u00f3wnie\u017c ze wsp\u00f3\u0142pracy z Norwegi\u0105. Mamy tam wielu znajomych, kt\u00f3rzy interesuj\u0105 si\u0119 kultur\u0105 i sztuk\u0105. Postaram si\u0119 aby na otwarcie pa\u0142acu przyjecha\u0142a kr\u00f3lowa Norwegii. Dzi\u015b chcia\u0142bym podarowa\u0107 Panu Burmistrzowi prezent &#8211; fotografi\u0119 mojego ojca, kt\u00f3ry by\u0142 niezwykle zwi\u0105zany z tym miejscem.<\/em><\/p><\/blockquote>\n<p>W ramach projektu, na kt\u00f3ry gmina pozyska\u0142a rekordowe dofinansowanie, opr\u00f3cz prac budowlanych b\u0119dzie realizowana bogata oferta kulturalna, zak\u0142adaj\u0105ca wsp\u00f3\u0142prac\u0119 z partnerem z Norwegii. Przypominamy, \u017ce nasz samorz\u0105d zawar\u0142 pierwsz\u0105 w historii gminy mi\u0119dzynarodow\u0105 umow\u0119 partnersk\u0105 z organizacja INTBAU Norway, zrzeszaj\u0105ca wybitnych architekt\u00f3w i ludzi kultury z Oslo.<\/p>\n<blockquote><p><em>Nasz projekt obejmuje zar\u00f3wno dzia\u0142ania infrastrukturalne jak i ,,dzia\u0142ania mi\u0119kkie&#8221; zwi\u0105zane z nadaniem ruinom nowej funkcji: kulturalnej i edukacyjnej, kt\u00f3re zosta\u0142y wypracowane w wyniku konsultacji spo\u0142ecznych &#8211; m\u00f3wi\u0142a Kierownik Referatu Funduszy, Promocji i Rozwoju Anna Lorek z twardog\u00f3rskiego magistratu. Jeszcze w trakcie realizacji projektu odb\u0119dzie si\u0119 12 wydarze\u0144 kulturalno &#8211; edukacyjnych, skierowanych do wielu grup mieszka\u0144c\u00f3w i turyst\u00f3w. Po jego zako\u0144czeniu we\u017amiemy udzia\u0142 w 31 kolejnych &#8211; b\u0119d\u0105 to m.in. wystawy, pokazy multimedialne, fireshow, koncerty, festiwale, plenery malarskie i fotograficzne, zaj\u0119cia plastyczne, pokazy gastronomiczne, jarmarki, lekcje muzealne, zawody w \u0142ucznictwie, pokazy rycerskie, pokazy barist\u00f3w, Karawana &#8211; w\u0119druj\u0105cy Festiwal Sztuki i Animacji. Realizacja projektu pozwoli na wzmocnienie funkcji reprezentacyjnej oraz turystycznej zabytkowego obiektu. Ju\u017c dzi\u015b zapraszamy do go\u015bcinnego Goszcza przypominaj\u0105c, \u017ce nazwa miejscowo\u015bci wywodzi si\u0119 od s\u0142owa ,,go\u015bciniec&#8221;. <\/em><em>Realizacja inwestycji przewidziana jest do ko\u0144ca 2023 r. Warto\u015b\u0107 rob\u00f3t budowlanych w ramach umowy wyniesie 6 097 192,90 z\u0142. Ca\u0142kowita warto\u015b\u0107 zadania to 10 492 284,43 z\u0142, <\/em><em>z czego a\u017c 85% to pozyskane dofinansowanie.<\/em><\/p><\/blockquote>\n<p>Projekt realizowany jest w ramach dzia\u0142ania 1. \u201ePoprawa zarz\u0105dzania dziedzictwem kulturowym&#8221;, poddzia\u0142ania 1.1. \u201eRestauracja i rewitalizacja dziedzictwa kulturowego&#8221; Programu \u201eKultura&#8221;, wsp\u00f3\u0142finansowanego z Mechanizmu Finansowego Europejskiego Obszaru Gospodarczego na lata 2014-2021.<\/p>\n<\/div><\/div>\r\n<\/div><hr class=\"wm-divider type-line\" \/>\n\t\t\t\t<a href=\"https:\/\/palacgoszcz.twardogora.pl\/wp-content\/uploads\/2023\/01\/rewitalizacja_etap_2.jpg\" target=\"_self\" itemprop=\"url\" rel=\"noopener\">\n\t\t\t\t<img loading=\"lazy\" decoding=\"async\" src=\"https:\/\/palacgoszcz.twardogora.pl\/wp-content\/uploads\/2023\/01\/rewitalizacja_etap_2.jpg\" alt=\"rewitalizacja_etap_2\" itemprop=\"image\" height=\"800\" width=\"1200\" title=\"rewitalizacja_etap_2\" onerror=\"this.style.display='none'\"  \/>\n\t\t\t\t<\/a>\n<h1>\n\t\tETAP 2\n\t<\/h1>\n\t<p>OPUBLIKOWANO: <strong>2021-10-20<\/strong><\/p>\n\t<h1>HISTORYCZNY MOMENT DLA PA\u0141ACU W GOSZCZU<\/h1>\n<p>Ruszy\u0142y prace przy ruinach zabytkowego pa\u0142acu w Goszczu. W pierwszej kolejno\u015bci wykonywane zosta\u0142o odkorzenianie i odchwaszczanie &#8211; najpierw od strony dziedzi\u0144ca, a w drugiej kolejno\u015bci &#8211; od strony parku. Nast\u0119pnie &#8211; za pomoc\u0105 wysi\u0119gnika &#8211; rozpocz\u0119to usuwanie drzew i krzew\u00f3w w obr\u0119bie mur\u00f3w pa\u0142acu. Wymaga\u0142o to niezwyk\u0142ej ostro\u017cno\u015bci ze wzgl\u0119du na wyst\u0119powanie licznych sp\u0119ka\u0144 i zniszcze\u0144 mur\u00f3w i zdobie\u0144.<\/p>\n<hr class=\"wm-divider type-line\" \/>\n\t\t\t\t<a href=\"https:\/\/palacgoszcz.twardogora.pl\/wp-content\/uploads\/2023\/01\/rewitalizacja_etap_3.jpg\" target=\"_self\" itemprop=\"url\" rel=\"noopener\">\n\t\t\t\t<img loading=\"lazy\" decoding=\"async\" src=\"https:\/\/palacgoszcz.twardogora.pl\/wp-content\/uploads\/2023\/01\/rewitalizacja_etap_3.jpg\" alt=\"rewitalizacja_etap_3\" itemprop=\"image\" height=\"800\" width=\"1200\" title=\"rewitalizacja_etap_3\" onerror=\"this.style.display='none'\"  \/>\n\t\t\t\t<\/a>\n<h1>\n\t\tETAP 3\n\t<\/h1>\n\t<p>OPUBLIKOWANO: <strong>2022-01-14<\/strong><\/p>\n\t<h1>POST\u0118P PRAC W GOSZCZA\u0143SKIM PA\u0141ACU<\/h1>\n<p>W ostatnich dniach post\u0119puj\u0105cych prac przy pa\u0142acu w Goszczu wraz z burmistrzem Paw\u0142em Czuli\u0144skim dogl\u0105dali m.in. dziennikarka i pisarka &#8211; Joanna Lamparska, dyrektor Archiwum Pa\u0144stwowego we Wroc\u0142awiu &#8211; Janusz Go\u0142aszewski, Dolno\u015bl\u0105ski Wojew\u00f3dzki Konserwator Zabytk\u00f3w &#8211; Daniel Gibski oraz jego zast\u0119pca &#8211; Katarzyna Dziura, przedstawiciel Dolno\u015bl\u0105skiego Wojew\u00f3dzkiego Konserwatora Zabytk\u00f3w we Wroc\u0142awiu &#8211; \u0141ukasz Nadzieja, wykonawca firma PW HARAS w osobach: Arkadiusz Harasimowicz i Rafa\u0142 Kowalczyk &#8211; kierownik budowy, Robert Szwed &#8211; archeolog firmy Delfa, Jan Leszczy\u0144ski &#8211; Inspektor Nadzoru i Piotr Miko\u0142ajczak &#8211; nadz\u00f3r konserwatorski.<\/p>\n<div class=\"wm-accordion clearfix\" data-active=\"0\" data-mode=\"accordion\">\r\n<div class=\"wm-item wm-item-wrap\"><h3 class=\"wm-item-title\" data-tags=\"\" data-tag-names=\"\"><span class=\"icon-ion-ios-book\" aria-hidden=\"true\"> <\/span>czytaj wi\u0119cej<\/h3><div class=\"wm-item-content clearfix czytajwicej\"><p>Eksperci spotkali si\u0119, aby zadecydowa\u0107 o dalszych losach odnalezionej skrzyni oraz sprawdzi\u0107 przebieg dotychczasowych prac. Wyci\u0119cie krzew\u00f3w pozwoli\u0142o na rozpocz\u0119cie prac zwi\u0105zanych z odgruzowaniem obiektu, kt\u00f3re zosta\u0142o uko\u0144czone w 99%. W mi\u0119dzy czasie zabezpieczono odkryte elementy architektoniczne (kominek, pozosta\u0142o\u015bci pieca, posadzki) oraz wykonano tymczasowe konstrukcje wzmacniaj\u0105ce lukarny, mury, s\u0142upy. Prace prowadzone by\u0142y pod \u015bcis\u0142ym nadzorem archeologicznym i konserwatorskim. Odgruzowanie odbywa\u0142o si\u0119 z segregacj\u0105 urobku celem wyselekcjonowania element\u00f3w dawnego wyposa\u017cenia pa\u0142acu.<\/p>\n<\/div><\/div>\r\n<\/div><hr class=\"wm-divider type-line\" \/>\n\t\t\t\t<a href=\"https:\/\/palacgoszcz.twardogora.pl\/wp-content\/uploads\/2023\/01\/rewitalizacja_etap_4.jpg\" target=\"_self\" itemprop=\"url\" rel=\"noopener\">\n\t\t\t\t<img loading=\"lazy\" decoding=\"async\" src=\"https:\/\/palacgoszcz.twardogora.pl\/wp-content\/uploads\/2023\/01\/rewitalizacja_etap_4.jpg\" alt=\"rewitalizacja_etap_4\" itemprop=\"image\" height=\"800\" width=\"1200\" title=\"rewitalizacja_etap_4\" onerror=\"this.style.display='none'\"  \/>\n\t\t\t\t<\/a>\n<h1>\n\t\tETAP 4\n\t<\/h1>\n\t<p>OPUBLIKOWANO: <strong>2022-03-11<\/strong><\/p>\n\t<h1>ROZPOCZ\u0118CIE KOLEJNEGO ETAPU PRAC<\/h1>\n<p>Wyci\u0119cie krzew\u00f3w pozwoli\u0142o na rozpocz\u0119cie prac zwi\u0105zanych z odgruzowaniem obiektu, kt\u00f3re zosta\u0142o uko\u0144czone w 99%. W mi\u0119dzy czasie zabezpieczono odkryte elementy architektoniczne (kominek, pozosta\u0142o\u015bci pieca, posadzki) oraz wykonano tymczasowe konstrukcje wzmacniaj\u0105ce lukarny, mury, s\u0142upy. Prace prowadzone by\u0142y pod \u015bcis\u0142ym nadzorem archeologicznym i konserwatorskim. Odgruzowanie odbywa\u0142o si\u0119 z segregacj\u0105 urobku celem wyselekcjonowania element\u00f3w dawnego wyposa\u017cenia pa\u0142acu.<\/p>\n<div class=\"wm-accordion clearfix\" data-active=\"0\" data-mode=\"accordion\">\r\n<div class=\"wm-item wm-item-wrap\"><h3 class=\"wm-item-title\" data-tags=\"\" data-tag-names=\"\"><span class=\"icon-ion-ios-book\" aria-hidden=\"true\"> <\/span>czytaj wi\u0119cej<\/h3><div class=\"wm-item-content clearfix czytajwicej\"><p>Nast\u0119pnie rozpocz\u0119to prace remontowe na murach. Przeprowadzono ich oczyszczanie wraz z odgrzybianiem i odsoleniem. Rozpocz\u0119to prace nad uzupe\u0142nieniem i napraw\u0105: \u015bcian, gzyms\u00f3w, attyk, portali w murach &#8211; z ceg\u0142y na zaprawie cementowo &#8211; wapiennej. Przyst\u0105piono do czyszczenia powierzchni muru strumieniem wodnym wysokoci\u015bnieniowym. Odby\u0142a si\u0119 r\u00f3wnie\u017c dezynfekcja fragment\u00f3w muru, kt\u00f3re by\u0142y zazielenione oraz pokryte ciemn\u0105 patyn\u0105. Dzi\u0119ki tym zabiegom mo\u017cna by\u0142o przeprowadzi\u0107 spoinowanie elewacji z ceg\u0142y gotow\u0105 zapraw\u0105 barwion\u0105 w masie wraz z scaleniem kolorystycznym.<\/p>\n<\/div><\/div>\r\n<\/div><hr class=\"wm-divider type-line\" \/>\n\t\t\t\t<a href=\"https:\/\/palacgoszcz.twardogora.pl\/wp-content\/uploads\/2022\/11\/2022_11_30_palac_goszcz_016-2.jpg\" target=\"_self\" itemprop=\"url\" rel=\"noopener\">\n\t\t\t\t<img loading=\"lazy\" decoding=\"async\" src=\"https:\/\/palacgoszcz.twardogora.pl\/wp-content\/uploads\/2022\/11\/2022_11_30_palac_goszcz_016-2.jpg\" alt=\"2022_11_30_palac_goszcz_016-2\" itemprop=\"image\" height=\"800\" width=\"1200\" title=\"2022_11_30_palac_goszcz_016-2\" onerror=\"this.style.display='none'\"  \/>\n\t\t\t\t<\/a>\n<h1>\n\t\tETAP 5 I 6\n\t<\/h1>\n\t<p>OPUBLIKOWANO: <strong>2022-08-11<\/strong><\/p>\n\t<h1>REMONT ODTWORZENIOWY NEOBAROKOWEJ WERANDY <\/h1>\n<p>Rozpocz\u0105\u0142 si\u0119 remont odtworzeniowy neobarokowej werandy wzniesionej na planie p\u00f3\u0142kolistym, polegaj\u0105cy na odtworzeniu zawalonego stropu ceramicznego odcinka, monta\u017cu zachowanej ozdobnej kutej balustrady i konserwacji jej zachowanego detalu, zabezpieczeniu antykorozyjnym zachowanych element\u00f3w stalowych podci\u0105g\u00f3w, wykonaniu nowej posadzki kamiennej tarasu na ca\u0142ej powierzchni tarasu wraz z izolacj\u0105 przeciwwilgociow\u0105, odwodnieniem i orynnowaniem oraz remontem wn\u0119trza werandy.<\/p>\n<hr class=\"wm-divider type-line\" \/>\n\t\t\t\t<a href=\"https:\/\/palacgoszcz.twardogora.pl\/wp-content\/uploads\/2023\/01\/rewitalizacja_etap_7.jpg\" target=\"_self\" itemprop=\"url\" rel=\"noopener\">\n\t\t\t\t<img loading=\"lazy\" decoding=\"async\" src=\"https:\/\/palacgoszcz.twardogora.pl\/wp-content\/uploads\/2023\/01\/rewitalizacja_etap_7.jpg\" alt=\"rewitalizacja_etap_7\" itemprop=\"image\" height=\"800\" width=\"1200\" title=\"rewitalizacja_etap_7\" onerror=\"this.style.display='none'\"  \/>\n\t\t\t\t<\/a>\n<h1>\n\t\tETAP 7\n\t<\/h1>\n\t<p>OPUBLIKOWANO: <strong>2022-12-16<\/strong><\/p>\n\t<h1>PLATFORMA WIDOKOWA<\/h1>\n<p>Z ko\u0144cem grudnia 2022 rozpocz\u0119\u0142a si\u0119 dostawa i monta\u017c kompletnych konstrukcji stalowych. Montowana jest platforma widokowa, pomosty i elementy klatki schodowej. Wykonanie platformy widokowej umo\u017cliwi bezpieczne zwiedzanie obiektu. Dzi\u0119ki zastosowaniu licznych rozwi\u0105za\u0144 dla os\u00f3b z niepe\u0142nosprawno\u015bciami, takim jak bezprogowe po\u0142\u0105czenie \u015bcie\u017cki zwiedzania przyziemia wn\u0119trza ruiny z ci\u0105gami pieszymi oraz utwardzenie nawierzchni z klinkieru drogowego &#8211; zwiedzanie i korzystanie z obiektu b\u0119dzie dost\u0119pne r\u00f3wnie\u017c dla os\u00f3b niepe\u0142nosprawnych, a tak\u017ce os\u00f3b zaawansowanych wiekowo. To otwiera szerokie mo\u017cliwo\u015bci dla wsp\u00f3lnego korzystania z oferty kulturalnej i edukacyjnej dla grup wielopokoleniowych.<\/p>\n\n","protected":false},"excerpt":{"rendered":"<div class=\"entry-summary\">\n<div class=\"entry-summary\">\nETAPY PRAC Projekt \u201eRestauracja i rewitalizacja zabytkowego pa\u0142acu w Goszczu&#8221; to wieloetapowa inwestycja na kt\u00f3r\u0105 z\u0142o\u017cy\u0142y si\u0119 m.in.: remont ruiny, konserwacja detali, przystosowanie obiektu do zwiedzania, budowa platform widokowych, monta\u017c iluminacji \u015bwietlnej. Do tej historycznej inwestycji Gmina Twardog\u00f3ra przygotowywa\u0142a si\u0119&hellip;\n<\/div>\n<div class=\"link-more\"><a href=\"https:\/\/palacgoszcz.twardogora.pl\/index.php\/etapy-prac\/\" class=\"more-link\">Czytaj dalej<span class=\"screen-reader-text\"> &ldquo;Etapy prac&rdquo;<\/span>&hellip;<\/a><\/div>\n<\/div>\n<div class=\"link-more\"><a href=\"https:\/\/palacgoszcz.twardogora.pl\/index.php\/etapy-prac\/\" class=\"more-link\">Czytaj dalej<span class=\"screen-reader-text\"> &ldquo;Etapy prac&rdquo;<\/span>&hellip;<\/a><\/div>\n","protected":false},"author":1,"featured_media":0,"parent":0,"menu_order":0,"comment_status":"closed","ping_status":"closed","template":"","meta":{"_acf_changed":false,"_monsterinsights_skip_tracking":false,"_monsterinsights_sitenote_active":false,"_monsterinsights_sitenote_note":"","_monsterinsights_sitenote_category":0,"pgc_sgb_lightbox_settings":"","footnotes":""},"class_list":["post-1455","page","type-page","status-publish","hentry","entry"],"acf":[],"_links":{"self":[{"href":"https:\/\/palacgoszcz.twardogora.pl\/index.php\/wp-json\/wp\/v2\/pages\/1455","targetHints":{"allow":["GET"]}}],"collection":[{"href":"https:\/\/palacgoszcz.twardogora.pl\/index.php\/wp-json\/wp\/v2\/pages"}],"about":[{"href":"https:\/\/palacgoszcz.twardogora.pl\/index.php\/wp-json\/wp\/v2\/types\/page"}],"author":[{"embeddable":true,"href":"https:\/\/palacgoszcz.twardogora.pl\/index.php\/wp-json\/wp\/v2\/users\/1"}],"replies":[{"embeddable":true,"href":"https:\/\/palacgoszcz.twardogora.pl\/index.php\/wp-json\/wp\/v2\/comments?post=1455"}],"version-history":[{"count":50,"href":"https:\/\/palacgoszcz.twardogora.pl\/index.php\/wp-json\/wp\/v2\/pages\/1455\/revisions"}],"predecessor-version":[{"id":2774,"href":"https:\/\/palacgoszcz.twardogora.pl\/index.php\/wp-json\/wp\/v2\/pages\/1455\/revisions\/2774"}],"wp:attachment":[{"href":"https:\/\/palacgoszcz.twardogora.pl\/index.php\/wp-json\/wp\/v2\/media?parent=1455"}],"curies":[{"name":"wp","href":"https:\/\/api.w.org\/{rel}","templated":true}]}}